{"id":143,"date":"2021-09-17T09:54:33","date_gmt":"2021-09-17T09:54:33","guid":{"rendered":"https:\/\/translation-reviewers.otgs.work\/user24\/empfaenge\/"},"modified":"2021-09-17T10:50:55","modified_gmt":"2021-09-17T10:50:55","slug":"empfaenge","status":"publish","type":"page","link":"https:\/\/translation-reviewers.otgs.work\/user24\/de\/empfaenge\/","title":{"rendered":"Empf\u00e4nge"},"content":{"rendered":"\n<div class=\"wp-block-cover alignfull has-background-dim\" style=\"min-height:400px;aspect-ratio:unset;\"><img loading=\"lazy\" decoding=\"async\" width=\"1920\" height=\"1280\" class=\"wp-block-cover__image-background wp-image-122\" alt=\"\" src=\"https:\/\/translation-reviewers.otgs.work\/user24\/wp-content\/uploads\/sites\/31\/2021\/09\/weddings.jpeg\" data-object-fit=\"cover\" srcset=\"https:\/\/translation-reviewers.otgs.work\/user24\/wp-content\/uploads\/sites\/31\/2021\/09\/weddings.jpeg 1920w, https:\/\/translation-reviewers.otgs.work\/user24\/wp-content\/uploads\/sites\/31\/2021\/09\/weddings-300x200.jpeg 300w, https:\/\/translation-reviewers.otgs.work\/user24\/wp-content\/uploads\/sites\/31\/2021\/09\/weddings-1024x683.jpeg 1024w, https:\/\/translation-reviewers.otgs.work\/user24\/wp-content\/uploads\/sites\/31\/2021\/09\/weddings-768x512.jpeg 768w, https:\/\/translation-reviewers.otgs.work\/user24\/wp-content\/uploads\/sites\/31\/2021\/09\/weddings-1536x1024.jpeg 1536w\" sizes=\"auto, (max-width: 1920px) 100vw, 1920px\" \/><div class=\"wp-block-cover__inner-container is-layout-flow wp-block-cover-is-layout-flow\">\n<h1 class=\"has-text-align-center wp-block-heading\">Hochzeitsempf\u00e4nge<\/h1>\n<\/div><\/div>\n\n<div style=\"height:100px\" aria-hidden=\"true\" class=\"wp-block-spacer\"><\/div>\n\n<div class=\"wp-block-columns is-layout-flex wp-container-core-columns-is-layout-9d6595d7 wp-block-columns-is-layout-flex\">\n<div class=\"wp-block-column is-vertically-aligned-top is-layout-flow wp-block-column-is-layout-flow\" style=\"flex-basis:50%\">\n<figure class=\"wp-block-image size-large is-resized\"><img loading=\"lazy\" decoding=\"async\" src=\"https:\/\/translation-reviewers.otgs.work\/user24\/wp-content\/uploads\/sites\/31\/2021\/09\/wedding.jpeg\" alt=\"Hochzeit\" class=\"wp-image-138\" width=\"504\" height=\"335\" srcset=\"https:\/\/translation-reviewers.otgs.work\/user24\/wp-content\/uploads\/sites\/31\/2021\/09\/wedding.jpeg 1000w, https:\/\/translation-reviewers.otgs.work\/user24\/wp-content\/uploads\/sites\/31\/2021\/09\/wedding-300x200.jpeg 300w, https:\/\/translation-reviewers.otgs.work\/user24\/wp-content\/uploads\/sites\/31\/2021\/09\/wedding-768x511.jpeg 768w\" sizes=\"auto, (max-width: 504px) 100vw, 504px\" \/><\/figure>\n\n\n<figure class=\"wp-block-gallery columns-2 wp-block-gallery-1 is-layout-flex wp-block-gallery-is-layout-flex\"><ul class=\"blocks-gallery-grid\"><li class=\"blocks-gallery-item\"><figure><img loading=\"lazy\" decoding=\"async\" width=\"1024\" height=\"681\" src=\"https:\/\/translation-reviewers.otgs.work\/user24\/wp-content\/uploads\/sites\/31\/2021\/09\/wedding-3-1024x681.jpeg\" alt=\"Brautpaar\" data-id=\"37\" data-full-url=\"https:\/\/translation-reviewers.otgs.work\/user24\/wp-content\/uploads\/sites\/31\/2021\/09\/wedding-3.jpeg\" data-link=\"https:\/\/translation-reviewers.otgs.work\/user24\/wedding-3\/\" class=\"wp-image-139\" srcset=\"https:\/\/translation-reviewers.otgs.work\/user24\/wp-content\/uploads\/sites\/31\/2021\/09\/wedding-3-1024x681.jpeg 1024w, https:\/\/translation-reviewers.otgs.work\/user24\/wp-content\/uploads\/sites\/31\/2021\/09\/wedding-3-300x200.jpeg 300w, https:\/\/translation-reviewers.otgs.work\/user24\/wp-content\/uploads\/sites\/31\/2021\/09\/wedding-3-768x511.jpeg 768w, https:\/\/translation-reviewers.otgs.work\/user24\/wp-content\/uploads\/sites\/31\/2021\/09\/wedding-3.jpeg 1200w\" sizes=\"auto, (max-width: 1024px) 100vw, 1024px\" \/><\/figure><\/li><li class=\"blocks-gallery-item\"><figure><img loading=\"lazy\" decoding=\"async\" width=\"640\" height=\"960\" src=\"https:\/\/translation-reviewers.otgs.work\/user24\/wp-content\/uploads\/sites\/31\/2021\/09\/wedding-table.jpeg\" alt=\"Hochzeitstisch\" data-id=\"18\" data-full-url=\"https:\/\/translation-reviewers.otgs.work\/user24\/wp-content\/uploads\/sites\/31\/2021\/09\/wedding-table.jpeg\" data-link=\"https:\/\/translation-reviewers.otgs.work\/user24\/wedding-table\/\" class=\"wp-image-121\" srcset=\"https:\/\/translation-reviewers.otgs.work\/user24\/wp-content\/uploads\/sites\/31\/2021\/09\/wedding-table.jpeg 640w, https:\/\/translation-reviewers.otgs.work\/user24\/wp-content\/uploads\/sites\/31\/2021\/09\/wedding-table-200x300.jpeg 200w\" sizes=\"auto, (max-width: 640px) 100vw, 640px\" \/><\/figure><\/li><\/ul><\/figure><\/div>\n\n\n\n<div class=\"wp-block-column is-vertically-aligned-center is-layout-flow wp-block-column-is-layout-flow\" style=\"flex-basis:50%\">\n<div class=\"wp-block-columns is-layout-flex wp-container-core-columns-is-layout-9d6595d7 wp-block-columns-is-layout-flex\">\n<div class=\"wp-block-column is-layout-flow wp-block-column-is-layout-flow\" style=\"flex-basis:10%\"><\/div>\n\n\n\n<div class=\"wp-block-column is-layout-flow wp-block-column-is-layout-flow\" style=\"flex-basis:90%\">\n<h2 class=\"wp-block-heading\">Au\u00dfergew\u00f6hnliche Empf\u00e4nge<\/h2>\n\n\n\n<div style=\"height:30px\" aria-hidden=\"true\" class=\"wp-block-spacer\"><\/div>\n\n\n\n<p>Eine wundersch\u00f6ne Insel, ein komfortables Hotel, 5-Sterne-Essen &#8230; machen Ihre Hochzeitsfeier zu einem unvergesslichen Erlebnis!<\/p>\n\n\n\n<p>Unsere erfahrenen Hochzeitsplaner sorgen daf\u00fcr, dass jedes Detail ber\u00fccksichtigt wird und Ihr besonderer Tag stressfrei und perfekt wird. Wir garantieren, dass dieses unvergessliche Fest zu einem der sch\u00f6nsten Tage Ihres Lebens wird.<\/p>\n\n\n\n<p><strong>Feiern Sie einen anderen Anlass?<\/strong> Fragen Sie nach unseren Jubil\u00e4ums-, Gel\u00fcbde-Erneuerungs- und speziellen Geburtstagsparty-Paketen.<\/p>\n\n\n\n<div class=\"wp-block-buttons is-layout-flex wp-block-buttons-is-layout-flex\">\n<div class=\"wp-block-button is-style-outline is-style-outline--2\"><a class=\"wp-block-button__link\" href=\"https:\/\/translation-reviewers.otgs.work\/user24\/de\/?page_id=149\">Kontaktiere uns<\/a><\/div>\n<\/div>\n<\/div>\n<\/div>\n<\/div>\n<\/div>\n\n<div style=\"height:100px\" aria-hidden=\"true\" class=\"wp-block-spacer\"><\/div>\n","protected":false},"excerpt":{"rendered":"<p>Au\u00dfergew\u00f6hnliche Empf\u00e4nge Eine wundersch\u00f6ne Insel, ein komfortables Hotel, 5-Sterne-Essen &#8230; machen Ihre Hochzeitsfeier zu einem unvergesslichen Erlebnis! Unsere erfahrenen Hochzeitsplaner sorgen daf\u00fcr, dass jedes Detail ber\u00fccksichtigt wird und Ihr besonderer Tag stressfrei und perfekt wird. Wir garantieren, dass dieses unvergessliche Fest zu einem der sch\u00f6nsten Tage Ihres Lebens wird. Feiern Sie einen anderen Anlass? Fragen &#8230; <a title=\"Empf\u00e4nge\" class=\"read-more\" href=\"https:\/\/translation-reviewers.otgs.work\/user24\/de\/empfaenge\/\" aria-label=\"Mehr Informationen \u00fcber Empf\u00e4nge\">Weiterlesen<\/a><\/p>\n","protected":false},"author":121,"featured_media":0,"parent":0,"menu_order":0,"comment_status":"closed","ping_status":"closed","template":"","meta":{"footnotes":""},"class_list":["post-143","page","type-page","status-publish"],"_links":{"self":[{"href":"https:\/\/translation-reviewers.otgs.work\/user24\/de\/wp-json\/wp\/v2\/pages\/143","targetHints":{"allow":["GET"]}}],"collection":[{"href":"https:\/\/translation-reviewers.otgs.work\/user24\/de\/wp-json\/wp\/v2\/pages"}],"about":[{"href":"https:\/\/translation-reviewers.otgs.work\/user24\/de\/wp-json\/wp\/v2\/types\/page"}],"author":[{"embeddable":true,"href":"https:\/\/translation-reviewers.otgs.work\/user24\/de\/wp-json\/wp\/v2\/users\/121"}],"replies":[{"embeddable":true,"href":"https:\/\/translation-reviewers.otgs.work\/user24\/de\/wp-json\/wp\/v2\/comments?post=143"}],"version-history":[{"count":6,"href":"https:\/\/translation-reviewers.otgs.work\/user24\/de\/wp-json\/wp\/v2\/pages\/143\/revisions"}],"predecessor-version":[{"id":166,"href":"https:\/\/translation-reviewers.otgs.work\/user24\/de\/wp-json\/wp\/v2\/pages\/143\/revisions\/166"}],"wp:attachment":[{"href":"https:\/\/translation-reviewers.otgs.work\/user24\/de\/wp-json\/wp\/v2\/media?parent=143"}],"curies":[{"name":"wp","href":"https:\/\/api.w.org\/{rel}","templated":true}]}}