{"id":125,"date":"2021-09-22T12:12:46","date_gmt":"2021-09-22T12:12:46","guid":{"rendered":"https:\/\/translation-reviewers.otgs.work\/mara\/conferencias\/"},"modified":"2021-09-22T13:58:19","modified_gmt":"2021-09-22T13:58:19","slug":"conferencias","status":"publish","type":"page","link":"https:\/\/translation-reviewers.otgs.work\/mara\/pt-br\/conferencias\/","title":{"rendered":"Confer\u00eancias"},"content":{"rendered":"\n<div class=\"wp-block-cover alignfull has-background-dim-60 has-background-dim\" style=\"min-height:400px;aspect-ratio:unset;\"><img loading=\"lazy\" decoding=\"async\" width=\"1920\" height=\"1280\" class=\"wp-block-cover__image-background wp-image-90\" alt=\"\" src=\"https:\/\/translation-reviewers.otgs.work\/mara\/wp-content\/uploads\/sites\/35\/2021\/09\/conference-rooms.jpeg\" data-object-fit=\"cover\" srcset=\"https:\/\/translation-reviewers.otgs.work\/mara\/wp-content\/uploads\/sites\/35\/2021\/09\/conference-rooms.jpeg 1920w, https:\/\/translation-reviewers.otgs.work\/mara\/wp-content\/uploads\/sites\/35\/2021\/09\/conference-rooms-300x200.jpeg 300w, https:\/\/translation-reviewers.otgs.work\/mara\/wp-content\/uploads\/sites\/35\/2021\/09\/conference-rooms-1024x683.jpeg 1024w, https:\/\/translation-reviewers.otgs.work\/mara\/wp-content\/uploads\/sites\/35\/2021\/09\/conference-rooms-768x512.jpeg 768w, https:\/\/translation-reviewers.otgs.work\/mara\/wp-content\/uploads\/sites\/35\/2021\/09\/conference-rooms-1536x1024.jpeg 1536w\" sizes=\"auto, (max-width: 1920px) 100vw, 1920px\" \/><div class=\"wp-block-cover__inner-container is-layout-flow wp-block-cover-is-layout-flow\">\n<h1 class=\"has-text-align-center wp-block-heading\">Confer\u00eancias<\/h1>\n<\/div><\/div>\n\n<div class=\"wp-block-group alignfull has-white-background-color has-background\"><div class=\"wp-block-group__inner-container is-layout-flow wp-block-group-is-layout-flow\">\n<div style=\"height:100px\" aria-hidden=\"true\" class=\"wp-block-spacer\"><\/div>\n\n\n\n<div class=\"wp-block-columns is-layout-flex wp-container-core-columns-is-layout-28f84493 wp-block-columns-is-layout-flex\">\n<div class=\"wp-block-column is-vertically-aligned-center is-layout-flow wp-block-column-is-layout-flow\" style=\"flex-basis:50%\">\n<figure class=\"wp-block-image size-large is-resized is-style-default\"><img loading=\"lazy\" decoding=\"async\" src=\"https:\/\/translation-reviewers.otgs.work\/mara\/wp-content\/uploads\/sites\/35\/2021\/09\/conference-room-manager.jpeg\" alt=\"gerente de sala de confer&#xEA;ncias\" class=\"wp-image-110\" width=\"479\" height=\"638\" srcset=\"https:\/\/translation-reviewers.otgs.work\/mara\/wp-content\/uploads\/sites\/35\/2021\/09\/conference-room-manager.jpeg 640w, https:\/\/translation-reviewers.otgs.work\/mara\/wp-content\/uploads\/sites\/35\/2021\/09\/conference-room-manager-225x300.jpeg 225w\" sizes=\"auto, (max-width: 479px) 100vw, 479px\" \/><\/figure>\n\n\n<div style=\"height:30px\" aria-hidden=\"true\" class=\"wp-block-spacer\"><\/div>\n\n\n\n<div class=\"wp-block-columns is-layout-flex wp-container-core-columns-is-layout-28f84493 wp-block-columns-is-layout-flex\">\n<div class=\"wp-block-column is-layout-flow wp-block-column-is-layout-flow\" style=\"flex-basis:90%\">\n<p class=\"has-text-align-left has-normal-font-size\"><em>Nossa equipe especializada em eventos est\u00e1 dispon\u00edvel para ajud\u00e1-lo em cada etapa do processo, desde o planejamento at\u00e9 a limpeza.<\/em><\/p>\n<\/div>\n\n\n\n<div class=\"wp-block-column is-layout-flow wp-block-column-is-layout-flow\" style=\"flex-basis:10%\"><\/div>\n<\/div>\n<\/div>\n\n\n\n<div class=\"wp-block-column is-vertically-aligned-center is-layout-flow wp-block-column-is-layout-flow\" style=\"flex-basis:50%\">\n<div class=\"wp-block-group\"><div class=\"wp-block-group__inner-container is-layout-flow wp-block-group-is-layout-flow\">\n<h2 class=\"has-text-align-left wp-block-heading\">Realize sua confer\u00eancia no cora\u00e7\u00e3o da ilha<\/h2>\n\n\n\n<div style=\"height:50px\" aria-hidden=\"true\" class=\"wp-block-spacer\"><\/div>\n\n\n\n<div class=\"wp-block-columns is-layout-flex wp-container-core-columns-is-layout-28f84493 wp-block-columns-is-layout-flex\">\n<div class=\"wp-block-column is-vertically-aligned-top is-layout-flow wp-block-column-is-layout-flow\" style=\"flex-basis:33.34%\">\n<h2 class=\"has-text-align-center wp-block-heading\">15<\/h2>\n\n\n\n<p class=\"has-text-align-center has-text-color\" style=\"color:#b59e69;font-size:17px\">Salas de confer\u00eancias<\/p>\n<\/div>\n\n\n\n<div class=\"wp-block-column is-vertically-aligned-top is-layout-flow wp-block-column-is-layout-flow\" style=\"flex-basis:33.34%\">\n<h2 class=\"has-text-align-center wp-block-heading\">10-300<\/h2>\n\n\n\n<p class=\"has-text-align-center has-text-color\" style=\"color:#b59e69;font-size:17px\">Participantes<\/p>\n<\/div>\n\n\n\n<div class=\"wp-block-column is-layout-flow wp-block-column-is-layout-flow\" style=\"flex-basis:33.33%\">\n<h2 class=\"has-text-align-center wp-block-heading\">7<\/h2>\n\n\n\n<p class=\"has-text-align-center has-text-color\" style=\"color:#b59e69;font-size:17px\">Salas com divis\u00f3rias deslizantes<\/p>\n<\/div>\n<\/div>\n\n\n\n<div style=\"height:20px\" aria-hidden=\"true\" class=\"wp-block-spacer\"><\/div>\n\n\n\n<p> Na verdade, \u00e9 o <em>\u00fanico<\/em> centro de confer\u00eancias da ilha!<\/p>\n\n\n\n<p>Oferecemos 15 salas de confer\u00eancias climatizadas, equipadas com \u00e1udio, v\u00eddeo e equipamento de proje\u00e7\u00e3o, como projetores multim\u00eddia, DVD players, fotocopiadoras &#8211; tudo o que voc\u00ea precisa para o seu evento.<\/p>\n\n\n\n<p>Fornecemos divis\u00f3rias deslizantes instaladas em 7 de nossas salas de confer\u00eancias, que voc\u00ea pode usar para juntar ou separar as salas. Nossas salas podem acomodar grupos de 10 at\u00e9 300 participantes.<\/p>\n\n\n\n<div class=\"wp-block-buttons is-layout-flex wp-block-buttons-is-layout-flex\">\n<div class=\"wp-block-button is-style-outline is-style-outline--1\"><a class=\"wp-block-button__link\" href=\"https:\/\/ref.toolset.com\/hotel-wpml\/contact-us\/\">Entre em contato conosco<\/a><\/div>\n<\/div>\n<\/div><\/div>\n<\/div>\n<\/div>\n\n\n\n<div style=\"height:80px\" aria-hidden=\"true\" class=\"wp-block-spacer\"><\/div>\n<\/div><\/div>\n","protected":false},"excerpt":{"rendered":"<p>Nossa equipe especializada em eventos est\u00e1 dispon\u00edvel para ajud\u00e1-lo em cada etapa do processo, desde o planejamento at\u00e9 a limpeza. Realize sua confer\u00eancia no cora\u00e7\u00e3o da ilha 15 Salas de confer\u00eancias 10-300 Participantes 7 Salas com divis\u00f3rias deslizantes Na verdade, \u00e9 o \u00fanico centro de confer\u00eancias da ilha! Oferecemos 15 salas de confer\u00eancias climatizadas, equipadas [&hellip;]<\/p>\n","protected":false},"author":121,"featured_media":0,"parent":0,"menu_order":0,"comment_status":"closed","ping_status":"closed","template":"","meta":{"site-sidebar-layout":"no-sidebar","site-content-layout":"plain-container","ast-site-content-layout":"default","site-content-style":"default","site-sidebar-style":"default","ast-global-header-display":"","ast-banner-title-visibility":"","ast-main-header-display":"","ast-hfb-above-header-display":"","ast-hfb-below-header-display":"","ast-hfb-mobile-header-display":"","site-post-title":"disabled","ast-breadcrumbs-content":"","ast-featured-img":"","footer-sml-layout":"","theme-transparent-header-meta":"default","adv-header-id-meta":"","stick-header-meta":"","header-above-stick-meta":"","header-main-stick-meta":"","header-below-stick-meta":"","astra-migrate-meta-layouts":"default","ast-page-background-enabled":"default","ast-page-background-meta":{"desktop":{"background-color":"var(--ast-global-color-4)","background-image":"","background-repeat":"repeat","background-position":"center center","background-size":"auto","background-attachment":"scroll","background-type":"","background-media":"","overlay-type":"","overlay-color":"","overlay-opacity":"","overlay-gradient":""},"tablet":{"background-color":"","background-image":"","background-repeat":"repeat","background-position":"center center","background-size":"auto","background-attachment":"scroll","background-type":"","background-media":"","overlay-type":"","overlay-color":"","overlay-opacity":"","overlay-gradient":""},"mobile":{"background-color":"","background-image":"","background-repeat":"repeat","background-position":"center center","background-size":"auto","background-attachment":"scroll","background-type":"","background-media":"","overlay-type":"","overlay-color":"","overlay-opacity":"","overlay-gradient":""}},"ast-content-background-meta":{"desktop":{"background-color":"var(--ast-global-color-5)","background-image":"","background-repeat":"repeat","background-position":"center center","background-size":"auto","background-attachment":"scroll","background-type":"","background-media":"","overlay-type":"","overlay-color":"","overlay-opacity":"","overlay-gradient":""},"tablet":{"background-color":"var(--ast-global-color-5)","background-image":"","background-repeat":"repeat","background-position":"center center","background-size":"auto","background-attachment":"scroll","background-type":"","background-media":"","overlay-type":"","overlay-color":"","overlay-opacity":"","overlay-gradient":""},"mobile":{"background-color":"var(--ast-global-color-5)","background-image":"","background-repeat":"repeat","background-position":"center center","background-size":"auto","background-attachment":"scroll","background-type":"","background-media":"","overlay-type":"","overlay-color":"","overlay-opacity":"","overlay-gradient":""}},"footnotes":""},"class_list":["post-125","page","type-page","status-publish","hentry"],"_links":{"self":[{"href":"https:\/\/translation-reviewers.otgs.work\/mara\/pt-br\/wp-json\/wp\/v2\/pages\/125","targetHints":{"allow":["GET"]}}],"collection":[{"href":"https:\/\/translation-reviewers.otgs.work\/mara\/pt-br\/wp-json\/wp\/v2\/pages"}],"about":[{"href":"https:\/\/translation-reviewers.otgs.work\/mara\/pt-br\/wp-json\/wp\/v2\/types\/page"}],"author":[{"embeddable":true,"href":"https:\/\/translation-reviewers.otgs.work\/mara\/pt-br\/wp-json\/wp\/v2\/users\/121"}],"replies":[{"embeddable":true,"href":"https:\/\/translation-reviewers.otgs.work\/mara\/pt-br\/wp-json\/wp\/v2\/comments?post=125"}],"version-history":[{"count":8,"href":"https:\/\/translation-reviewers.otgs.work\/mara\/pt-br\/wp-json\/wp\/v2\/pages\/125\/revisions"}],"predecessor-version":[{"id":165,"href":"https:\/\/translation-reviewers.otgs.work\/mara\/pt-br\/wp-json\/wp\/v2\/pages\/125\/revisions\/165"}],"wp:attachment":[{"href":"https:\/\/translation-reviewers.otgs.work\/mara\/pt-br\/wp-json\/wp\/v2\/media?parent=125"}],"curies":[{"name":"wp","href":"https:\/\/api.w.org\/{rel}","templated":true}]}}