{"id":433,"date":"2022-04-25T11:45:58","date_gmt":"2022-04-25T11:45:58","guid":{"rendered":"https:\/\/translation-reviewers.otgs.work\/krzysztof\/?page_id=433"},"modified":"2022-04-25T11:45:58","modified_gmt":"2022-04-25T11:45:58","slug":"o-naszych-planach","status":"publish","type":"page","link":"https:\/\/translation-reviewers.otgs.work\/krzysztof\/pl\/o-naszych-planach\/","title":{"rendered":"O naszych planach"},"content":{"rendered":"\n<p>To s\u0105 nasze plany.<\/p>\n\n\n\n<p>Jeszcze nie sko\u0144czyli\u015bmy!<\/p>\n","protected":false},"excerpt":{"rendered":"<p>To s\u0105 nasze plany. Jeszcze nie sko\u0144czyli\u015bmy!<\/p>\n","protected":false},"author":2,"featured_media":0,"parent":0,"menu_order":0,"comment_status":"closed","ping_status":"closed","template":"","meta":{"site-sidebar-layout":"default","site-content-layout":"","ast-site-content-layout":"default","site-content-style":"default","site-sidebar-style":"default","ast-global-header-display":"","ast-banner-title-visibility":"","ast-main-header-display":"","ast-hfb-above-header-display":"","ast-hfb-below-header-display":"","ast-hfb-mobile-header-display":"","site-post-title":"","ast-breadcrumbs-content":"","ast-featured-img":"","footer-sml-layout":"","theme-transparent-header-meta":"","adv-header-id-meta":"","stick-header-meta":"","header-above-stick-meta":"","header-main-stick-meta":"","header-below-stick-meta":"","astra-migrate-meta-layouts":"default","ast-page-background-enabled":"default","ast-page-background-meta":{"desktop":{"background-color":"var(--ast-global-color-4)","background-image":"","background-repeat":"repeat","background-position":"center center","background-size":"auto","background-attachment":"scroll","background-type":"","background-media":"","overlay-type":"","overlay-color":"","overlay-opacity":"","overlay-gradient":""},"tablet":{"background-color":"","background-image":"","background-repeat":"repeat","background-position":"center center","background-size":"auto","background-attachment":"scroll","background-type":"","background-media":"","overlay-type":"","overlay-color":"","overlay-opacity":"","overlay-gradient":""},"mobile":{"background-color":"","background-image":"","background-repeat":"repeat","background-position":"center center","background-size":"auto","background-attachment":"scroll","background-type":"","background-media":"","overlay-type":"","overlay-color":"","overlay-opacity":"","overlay-gradient":""}},"ast-content-background-meta":{"desktop":{"background-color":"var(--ast-global-color-5)","background-image":"","background-repeat":"repeat","background-position":"center center","background-size":"auto","background-attachment":"scroll","background-type":"","background-media":"","overlay-type":"","overlay-color":"","overlay-opacity":"","overlay-gradient":""},"tablet":{"background-color":"var(--ast-global-color-5)","background-image":"","background-repeat":"repeat","background-position":"center center","background-size":"auto","background-attachment":"scroll","background-type":"","background-media":"","overlay-type":"","overlay-color":"","overlay-opacity":"","overlay-gradient":""},"mobile":{"background-color":"var(--ast-global-color-5)","background-image":"","background-repeat":"repeat","background-position":"center center","background-size":"auto","background-attachment":"scroll","background-type":"","background-media":"","overlay-type":"","overlay-color":"","overlay-opacity":"","overlay-gradient":""}},"footnotes":""},"class_list":["post-433","page","type-page","status-publish","hentry"],"_links":{"self":[{"href":"https:\/\/translation-reviewers.otgs.work\/krzysztof\/pl\/wp-json\/wp\/v2\/pages\/433","targetHints":{"allow":["GET"]}}],"collection":[{"href":"https:\/\/translation-reviewers.otgs.work\/krzysztof\/pl\/wp-json\/wp\/v2\/pages"}],"about":[{"href":"https:\/\/translation-reviewers.otgs.work\/krzysztof\/pl\/wp-json\/wp\/v2\/types\/page"}],"author":[{"embeddable":true,"href":"https:\/\/translation-reviewers.otgs.work\/krzysztof\/pl\/wp-json\/wp\/v2\/users\/2"}],"replies":[{"embeddable":true,"href":"https:\/\/translation-reviewers.otgs.work\/krzysztof\/pl\/wp-json\/wp\/v2\/comments?post=433"}],"version-history":[{"count":2,"href":"https:\/\/translation-reviewers.otgs.work\/krzysztof\/pl\/wp-json\/wp\/v2\/pages\/433\/revisions"}],"predecessor-version":[{"id":435,"href":"https:\/\/translation-reviewers.otgs.work\/krzysztof\/pl\/wp-json\/wp\/v2\/pages\/433\/revisions\/435"}],"wp:attachment":[{"href":"https:\/\/translation-reviewers.otgs.work\/krzysztof\/pl\/wp-json\/wp\/v2\/media?parent=433"}],"curies":[{"name":"wp","href":"https:\/\/api.w.org\/{rel}","templated":true}]}}