{"id":132,"date":"2021-12-07T10:56:26","date_gmt":"2021-12-07T10:56:26","guid":{"rendered":"https:\/\/translation-reviewers.otgs.work\/krzysztof\/konferencje\/"},"modified":"2022-04-06T19:53:10","modified_gmt":"2022-04-06T19:53:10","slug":"konferencje","status":"publish","type":"page","link":"https:\/\/translation-reviewers.otgs.work\/krzysztof\/pl\/konferencje\/","title":{"rendered":"Konferencje"},"content":{"rendered":"\n<div class=\"wp-block-cover alignfull has-background-dim-60 has-background-dim\" style=\"min-height:400px;aspect-ratio:unset;\"><img loading=\"lazy\" decoding=\"async\" width=\"1920\" height=\"1280\" class=\"wp-block-cover__image-background wp-image-91\" alt=\"\" src=\"https:\/\/translation-reviewers.otgs.work\/krzysztof\/wp-content\/uploads\/sites\/96\/2021\/09\/conference-rooms.jpeg\" data-object-fit=\"cover\" srcset=\"https:\/\/translation-reviewers.otgs.work\/krzysztof\/wp-content\/uploads\/sites\/96\/2021\/09\/conference-rooms.jpeg 1920w, https:\/\/translation-reviewers.otgs.work\/krzysztof\/wp-content\/uploads\/sites\/96\/2021\/09\/conference-rooms-300x200.jpeg 300w, https:\/\/translation-reviewers.otgs.work\/krzysztof\/wp-content\/uploads\/sites\/96\/2021\/09\/conference-rooms-1024x683.jpeg 1024w, https:\/\/translation-reviewers.otgs.work\/krzysztof\/wp-content\/uploads\/sites\/96\/2021\/09\/conference-rooms-768x512.jpeg 768w, https:\/\/translation-reviewers.otgs.work\/krzysztof\/wp-content\/uploads\/sites\/96\/2021\/09\/conference-rooms-1536x1024.jpeg 1536w\" sizes=\"auto, (max-width: 1920px) 100vw, 1920px\" \/><div class=\"wp-block-cover__inner-container is-layout-flow wp-block-cover-is-layout-flow\">\n<h1 class=\"has-text-align-center wp-block-heading\">Konferencje<\/h1>\n<\/div><\/div>\n\n<div class=\"wp-block-group alignfull has-white-background-color has-background\"><div class=\"wp-block-group__inner-container is-layout-flow wp-block-group-is-layout-flow\">\n<div style=\"height:100px\" aria-hidden=\"true\" class=\"wp-block-spacer\"><\/div>\n\n\n\n<div class=\"wp-block-columns is-layout-flex wp-container-core-columns-is-layout-28f84493 wp-block-columns-is-layout-flex\">\n<div class=\"wp-block-column is-vertically-aligned-center is-layout-flow wp-block-column-is-layout-flow\" style=\"flex-basis:50%\">\n<figure class=\"wp-block-image size-large is-resized is-style-default\"><img loading=\"lazy\" decoding=\"async\" src=\"https:\/\/translation-reviewers.otgs.work\/krzysztof\/wp-content\/uploads\/sites\/96\/2021\/09\/conference-room-manager.jpeg\" alt=\"kierownik sali konferencyjnej\" class=\"wp-image-111\" width=\"479\" height=\"638\" srcset=\"https:\/\/translation-reviewers.otgs.work\/krzysztof\/wp-content\/uploads\/sites\/96\/2021\/09\/conference-room-manager.jpeg 640w, https:\/\/translation-reviewers.otgs.work\/krzysztof\/wp-content\/uploads\/sites\/96\/2021\/09\/conference-room-manager-225x300.jpeg 225w\" sizes=\"auto, (max-width: 479px) 100vw, 479px\" \/><\/figure>\n\n\n<div style=\"height:30px\" aria-hidden=\"true\" class=\"wp-block-spacer\"><\/div>\n\n\n\n<div class=\"wp-block-columns is-layout-flex wp-container-core-columns-is-layout-28f84493 wp-block-columns-is-layout-flex\">\n<div class=\"wp-block-column is-layout-flow wp-block-column-is-layout-flow\" style=\"flex-basis:90%\">\n<p class=\"has-text-align-left has-normal-font-size\"><em>Nasi eksperci ds. wydarze\u0144 s\u0142u\u017c\u0105 pomoc\u0105 na ka\u017cdym etapie, od planowania po sprz\u0105tanie.<\/em><\/p>\n<\/div>\n\n\n\n<div class=\"wp-block-column is-layout-flow wp-block-column-is-layout-flow\" style=\"flex-basis:10%\"><\/div>\n<\/div>\n<\/div>\n\n\n\n<div class=\"wp-block-column is-vertically-aligned-center is-layout-flow wp-block-column-is-layout-flow\" style=\"flex-basis:50%\">\n<div class=\"wp-block-group\"><div class=\"wp-block-group__inner-container is-layout-flow wp-block-group-is-layout-flow\">\n<h2 class=\"has-text-align-left wp-block-heading\">Zorganizuj konferencj\u0119 w sercu wyspy<\/h2>\n\n\n\n<div style=\"height:50px\" aria-hidden=\"true\" class=\"wp-block-spacer\"><\/div>\n\n\n\n<div class=\"wp-block-columns is-layout-flex wp-container-core-columns-is-layout-28f84493 wp-block-columns-is-layout-flex\">\n<div class=\"wp-block-column is-vertically-aligned-top is-layout-flow wp-block-column-is-layout-flow\" style=\"flex-basis:33.34%\">\n<h2 class=\"has-text-align-center wp-block-heading\">15<\/h2>\n\n\n\n<p class=\"has-text-align-center has-text-color\" style=\"color:#b59e69;font-size:17px\">Sale konferencyjne<\/p>\n<\/div>\n\n\n\n<div class=\"wp-block-column is-vertically-aligned-top is-layout-flow wp-block-column-is-layout-flow\" style=\"flex-basis:33.34%\">\n<h2 class=\"has-text-align-center wp-block-heading\">10-300<\/h2>\n\n\n\n<p class=\"has-text-align-center has-text-color\" style=\"color:#b59e69;font-size:17px\">Uczestnicy<\/p>\n<\/div>\n\n\n\n<div class=\"wp-block-column is-layout-flow wp-block-column-is-layout-flow\" style=\"flex-basis:33.33%\">\n<h2 class=\"has-text-align-center wp-block-heading\">7<\/h2>\n\n\n\n<p class=\"has-text-align-center has-text-color\" style=\"color:#b59e69;font-size:17px\">Pokoje z przesuwnymi przegrodami<\/p>\n<\/div>\n<\/div>\n\n\n\n<div style=\"height:20px\" aria-hidden=\"true\" class=\"wp-block-spacer\"><\/div>\n\n\n\n<p> W\u0142a\u015bciwie to <em>jedyne<\/em> centrum konferencyjne na wyspie!<\/p>\n\n\n\n<p>Do Pa\u0144stwa dyspozycji oddajemy 15 klimatyzowanych sal konferencyjnych wyposa\u017conych w sprz\u0119t audio, wideo i projekcyjny, taki jak projektory multimedialne, odtwarzacze DVD, kserokopiarki &#8211; wszystko, czego mo\u017ce potrzebowa\u0107 podczas imprezy.<\/p>\n\n\n\n<p>W 7 naszych salach konferencyjnych oferujemy przesuwne \u015bcianki dzia\u0142owe, kt\u00f3re mo\u017cna wykorzysta\u0107 do \u0142\u0105czenia lub rozdzielania sal. Nasze sale mog\u0105 pomie\u015bci\u0107 grupy od 10 do 300 os\u00f3b.<\/p>\n\n\n\n<div class=\"wp-block-buttons is-layout-flex wp-block-buttons-is-layout-flex\">\n<div class=\"wp-block-button is-style-outline is-style-outline--1\"><a class=\"wp-block-button__link\" href=\"https:\/\/ref.toolset.com\/hotel-wpml\/contact-us\/\">Skontaktuj si\u0119 z nami<\/a><\/div>\n<\/div>\n<\/div><\/div>\n<\/div>\n<\/div>\n\n\n\n<div style=\"height:80px\" aria-hidden=\"true\" class=\"wp-block-spacer\"><\/div>\n<\/div><\/div>\n","protected":false},"excerpt":{"rendered":"<p>Nasi eksperci ds. wydarze\u0144 s\u0142u\u017c\u0105 pomoc\u0105 na ka\u017cdym etapie, od planowania po sprz\u0105tanie. Zorganizuj konferencj\u0119 w sercu wyspy 15 Sale konferencyjne 10-300 Uczestnicy 7 Pokoje z przesuwnymi przegrodami W\u0142a\u015bciwie to jedyne centrum konferencyjne na wyspie! Do Pa\u0144stwa dyspozycji oddajemy 15 klimatyzowanych sal konferencyjnych wyposa\u017conych w sprz\u0119t audio, wideo i projekcyjny, taki jak projektory multimedialne, odtwarzacze [&hellip;]<\/p>\n","protected":false},"author":121,"featured_media":0,"parent":0,"menu_order":0,"comment_status":"closed","ping_status":"closed","template":"","meta":{"site-sidebar-layout":"no-sidebar","site-content-layout":"plain-container","ast-site-content-layout":"default","site-content-style":"default","site-sidebar-style":"default","ast-global-header-display":"","ast-banner-title-visibility":"","ast-main-header-display":"","ast-hfb-above-header-display":"","ast-hfb-below-header-display":"","ast-hfb-mobile-header-display":"","site-post-title":"disabled","ast-breadcrumbs-content":"","ast-featured-img":"","footer-sml-layout":"","theme-transparent-header-meta":"default","adv-header-id-meta":"","stick-header-meta":"","header-above-stick-meta":"","header-main-stick-meta":"","header-below-stick-meta":"","astra-migrate-meta-layouts":"default","ast-page-background-enabled":"default","ast-page-background-meta":{"desktop":{"background-color":"var(--ast-global-color-4)","background-image":"","background-repeat":"repeat","background-position":"center center","background-size":"auto","background-attachment":"scroll","background-type":"","background-media":"","overlay-type":"","overlay-color":"","overlay-opacity":"","overlay-gradient":""},"tablet":{"background-color":"","background-image":"","background-repeat":"repeat","background-position":"center center","background-size":"auto","background-attachment":"scroll","background-type":"","background-media":"","overlay-type":"","overlay-color":"","overlay-opacity":"","overlay-gradient":""},"mobile":{"background-color":"","background-image":"","background-repeat":"repeat","background-position":"center center","background-size":"auto","background-attachment":"scroll","background-type":"","background-media":"","overlay-type":"","overlay-color":"","overlay-opacity":"","overlay-gradient":""}},"ast-content-background-meta":{"desktop":{"background-color":"var(--ast-global-color-5)","background-image":"","background-repeat":"repeat","background-position":"center center","background-size":"auto","background-attachment":"scroll","background-type":"","background-media":"","overlay-type":"","overlay-color":"","overlay-opacity":"","overlay-gradient":""},"tablet":{"background-color":"var(--ast-global-color-5)","background-image":"","background-repeat":"repeat","background-position":"center center","background-size":"auto","background-attachment":"scroll","background-type":"","background-media":"","overlay-type":"","overlay-color":"","overlay-opacity":"","overlay-gradient":""},"mobile":{"background-color":"var(--ast-global-color-5)","background-image":"","background-repeat":"repeat","background-position":"center center","background-size":"auto","background-attachment":"scroll","background-type":"","background-media":"","overlay-type":"","overlay-color":"","overlay-opacity":"","overlay-gradient":""}},"footnotes":""},"class_list":["post-132","page","type-page","status-publish","hentry"],"_links":{"self":[{"href":"https:\/\/translation-reviewers.otgs.work\/krzysztof\/pl\/wp-json\/wp\/v2\/pages\/132","targetHints":{"allow":["GET"]}}],"collection":[{"href":"https:\/\/translation-reviewers.otgs.work\/krzysztof\/pl\/wp-json\/wp\/v2\/pages"}],"about":[{"href":"https:\/\/translation-reviewers.otgs.work\/krzysztof\/pl\/wp-json\/wp\/v2\/types\/page"}],"author":[{"embeddable":true,"href":"https:\/\/translation-reviewers.otgs.work\/krzysztof\/pl\/wp-json\/wp\/v2\/users\/121"}],"replies":[{"embeddable":true,"href":"https:\/\/translation-reviewers.otgs.work\/krzysztof\/pl\/wp-json\/wp\/v2\/comments?post=132"}],"version-history":[{"count":8,"href":"https:\/\/translation-reviewers.otgs.work\/krzysztof\/pl\/wp-json\/wp\/v2\/pages\/132\/revisions"}],"predecessor-version":[{"id":245,"href":"https:\/\/translation-reviewers.otgs.work\/krzysztof\/pl\/wp-json\/wp\/v2\/pages\/132\/revisions\/245"}],"wp:attachment":[{"href":"https:\/\/translation-reviewers.otgs.work\/krzysztof\/pl\/wp-json\/wp\/v2\/media?parent=132"}],"curies":[{"name":"wp","href":"https:\/\/api.w.org\/{rel}","templated":true}]}}