{"id":125,"date":"2021-12-07T10:54:02","date_gmt":"2021-12-07T10:54:02","guid":{"rendered":"https:\/\/translation-reviewers.otgs.work\/krzysztof\/skontaktuj-sie-z-nami\/"},"modified":"2022-04-06T19:53:09","modified_gmt":"2022-04-06T19:53:09","slug":"skontaktuj-sie-z-nami","status":"publish","type":"page","link":"https:\/\/translation-reviewers.otgs.work\/krzysztof\/pl\/skontaktuj-sie-z-nami\/","title":{"rendered":"Skontaktuj si\u0119 z nami"},"content":{"rendered":"\n<div class=\"wp-block-cover alignfull has-background-dim has-background-gradient\" style=\"background:linear-gradient(90deg,rgb(222,190,140) 0%,rgb(181,158,105) 100%);min-height:400px;aspect-ratio:unset;\"><div class=\"wp-block-cover__inner-container is-layout-flow wp-block-cover-is-layout-flow\">\n<h1 class=\"has-text-align-center wp-block-heading\">Skontaktuj si\u0119 z nami<\/h1>\n\n\n\n<p class=\"has-text-align-center\" style=\"font-size:18px\">\u2219 Recepcja czynna 24 godziny na dob\u0119 \u2219<\/p>\n<\/div><\/div>\n\n<div style=\"height:100px\" aria-hidden=\"true\" class=\"wp-block-spacer\"><\/div>\n\n<div class=\"wp-block-columns is-layout-flex wp-container-core-columns-is-layout-28f84493 wp-block-columns-is-layout-flex\">\n<div class=\"wp-block-column is-layout-flow wp-block-column-is-layout-flow\">\n<div class=\"wp-block-image\"><figure class=\"aligncenter size-large is-resized\"><img decoding=\"async\" src=\"https:\/\/ref.toolset.com\/hotel-wpml\/wp-content\/uploads\/sites\/96\/2021\/07\/address.png\" alt=\"\" class=\"wp-image-875\" width=\"32\"\/><\/figure><\/div>\n\n\n\n<h3 class=\"has-text-align-center wp-block-heading\">Adres<\/h3>\n\n\n\n<p class=\"has-text-align-center\">Hotel Qubicy, Av. de las Marismas, 2001, 35610 Antigua, Las Palmas, Hiszpania<\/p>\n<\/div>\n\n\n\n<div class=\"wp-block-column is-layout-flow wp-block-column-is-layout-flow\">\n<div class=\"wp-block-image\"><figure class=\"aligncenter size-large is-resized\"><img decoding=\"async\" src=\"https:\/\/ref.toolset.com\/hotel-wpml\/wp-content\/uploads\/sites\/96\/2021\/07\/phone.png\" alt=\"\" class=\"wp-image-869\" width=\"32\"\/><\/figure><\/div>\n\n\n\n<h3 class=\"has-text-align-center wp-block-heading\">Numery telefoniczne<\/h3>\n\n\n\n<p class=\"has-text-align-center\">+12345678 (Recepcja)<br\/>+12447878 (Kierownik hotelu)<\/p>\n<\/div>\n\n\n\n<div class=\"wp-block-column is-layout-flow wp-block-column-is-layout-flow\">\n<div class=\"wp-block-image\"><figure class=\"aligncenter size-large is-resized\"><img decoding=\"async\" src=\"https:\/\/ref.toolset.com\/hotel-wpml\/wp-content\/uploads\/sites\/96\/2021\/07\/email.png\" alt=\"\" class=\"wp-image-872\" width=\"32\"\/><\/figure><\/div>\n\n\n\n<h3 class=\"has-text-align-center wp-block-heading\">Adres e-mail<\/h3>\n\n\n\n<p class=\"has-text-align-center has-text-color\" style=\"color:#b59e69\">kontakt@qubicyhotel.com<br\/>manager@qubicyhotel.com<\/p>\n<\/div>\n<\/div>\n\n<div style=\"height:50px\" aria-hidden=\"true\" class=\"wp-block-spacer\"><\/div>\n\n<p class=\"has-white-color has-text-color has-background\" style=\"background-color:#343434\"><img decoding=\"async\" class=\"wp-image-849\" style=\"width: 26px\" src=\"https:\/\/ref.toolset.com\/hotel-wpml\/wp-content\/uploads\/sites\/96\/2021\/07\/parking.png\" alt=\"\"\/> Zakaz parkowania na ca\u0142ej <strong>ulicy \u015aw. Jana<\/strong> . Prosimy zaparkowa\u0107 na <strong>hotelowym parkingu<\/strong> , kt\u00f3ry zobaczysz po <em>lewej stronie<\/em> g\u0142\u00f3wnego wej\u015bcia do hotelu.<\/p>\n\n<iframe src=\"https:\/\/www.google.com\/maps\/embed?pb=!1m18!1m12!1m3!1d3510.0025686744366!2d-13.864830884573623!3d28.388990382514443!2m3!1f0!2f0!3f0!3m2!1i1024!2i768!4f13.1!3m3!1m2!1s0xc47c10378cf5c97%3A0x82bc9fc4923da537!2sLa%20Guirra%20Beach!5e0!3m2!1sen!2spl!4v1627391959200!5m2!1sen!2spl\" width=\"1920\" height=\"400\" style=\"border:0;\" allowfullscreen=\"\" loading=\"lazy\"><\/iframe>\n\n<div style=\"height:100px\" aria-hidden=\"true\" class=\"wp-block-spacer\"><\/div>\n","protected":false},"excerpt":{"rendered":"<p>Adres Hotel Qubicy, Av. de las Marismas, 2001, 35610 Antigua, Las Palmas, Hiszpania Numery telefoniczne +12345678 (Recepcja)+12447878 (Kierownik hotelu) Adres e-mail kontakt@qubicyhotel.commanager@qubicyhotel.com Zakaz parkowania na ca\u0142ej ulicy \u015aw. Jana . Prosimy zaparkowa\u0107 na hotelowym parkingu , kt\u00f3ry zobaczysz po lewej stronie g\u0142\u00f3wnego wej\u015bcia do hotelu.<\/p>\n","protected":false},"author":121,"featured_media":0,"parent":0,"menu_order":0,"comment_status":"closed","ping_status":"closed","template":"","meta":{"site-sidebar-layout":"no-sidebar","site-content-layout":"plain-container","ast-site-content-layout":"default","site-content-style":"default","site-sidebar-style":"default","ast-global-header-display":"","ast-banner-title-visibility":"","ast-main-header-display":"","ast-hfb-above-header-display":"","ast-hfb-below-header-display":"","ast-hfb-mobile-header-display":"","site-post-title":"disabled","ast-breadcrumbs-content":"","ast-featured-img":"","footer-sml-layout":"","theme-transparent-header-meta":"default","adv-header-id-meta":"","stick-header-meta":"","header-above-stick-meta":"","header-main-stick-meta":"","header-below-stick-meta":"","astra-migrate-meta-layouts":"default","ast-page-background-enabled":"default","ast-page-background-meta":{"desktop":{"background-color":"var(--ast-global-color-4)","background-image":"","background-repeat":"repeat","background-position":"center center","background-size":"auto","background-attachment":"scroll","background-type":"","background-media":"","overlay-type":"","overlay-color":"","overlay-opacity":"","overlay-gradient":""},"tablet":{"background-color":"","background-image":"","background-repeat":"repeat","background-position":"center center","background-size":"auto","background-attachment":"scroll","background-type":"","background-media":"","overlay-type":"","overlay-color":"","overlay-opacity":"","overlay-gradient":""},"mobile":{"background-color":"","background-image":"","background-repeat":"repeat","background-position":"center center","background-size":"auto","background-attachment":"scroll","background-type":"","background-media":"","overlay-type":"","overlay-color":"","overlay-opacity":"","overlay-gradient":""}},"ast-content-background-meta":{"desktop":{"background-color":"var(--ast-global-color-5)","background-image":"","background-repeat":"repeat","background-position":"center center","background-size":"auto","background-attachment":"scroll","background-type":"","background-media":"","overlay-type":"","overlay-color":"","overlay-opacity":"","overlay-gradient":""},"tablet":{"background-color":"var(--ast-global-color-5)","background-image":"","background-repeat":"repeat","background-position":"center center","background-size":"auto","background-attachment":"scroll","background-type":"","background-media":"","overlay-type":"","overlay-color":"","overlay-opacity":"","overlay-gradient":""},"mobile":{"background-color":"var(--ast-global-color-5)","background-image":"","background-repeat":"repeat","background-position":"center center","background-size":"auto","background-attachment":"scroll","background-type":"","background-media":"","overlay-type":"","overlay-color":"","overlay-opacity":"","overlay-gradient":""}},"footnotes":""},"class_list":["post-125","page","type-page","status-publish","hentry"],"_links":{"self":[{"href":"https:\/\/translation-reviewers.otgs.work\/krzysztof\/pl\/wp-json\/wp\/v2\/pages\/125","targetHints":{"allow":["GET"]}}],"collection":[{"href":"https:\/\/translation-reviewers.otgs.work\/krzysztof\/pl\/wp-json\/wp\/v2\/pages"}],"about":[{"href":"https:\/\/translation-reviewers.otgs.work\/krzysztof\/pl\/wp-json\/wp\/v2\/types\/page"}],"author":[{"embeddable":true,"href":"https:\/\/translation-reviewers.otgs.work\/krzysztof\/pl\/wp-json\/wp\/v2\/users\/121"}],"replies":[{"embeddable":true,"href":"https:\/\/translation-reviewers.otgs.work\/krzysztof\/pl\/wp-json\/wp\/v2\/comments?post=125"}],"version-history":[{"count":4,"href":"https:\/\/translation-reviewers.otgs.work\/krzysztof\/pl\/wp-json\/wp\/v2\/pages\/125\/revisions"}],"predecessor-version":[{"id":131,"href":"https:\/\/translation-reviewers.otgs.work\/krzysztof\/pl\/wp-json\/wp\/v2\/pages\/125\/revisions\/131"}],"wp:attachment":[{"href":"https:\/\/translation-reviewers.otgs.work\/krzysztof\/pl\/wp-json\/wp\/v2\/media?parent=125"}],"curies":[{"name":"wp","href":"https:\/\/api.w.org\/{rel}","templated":true}]}}