{"id":232,"date":"2022-04-06T19:53:08","date_gmt":"2022-04-06T19:53:08","guid":{"rendered":"https:\/\/translation-reviewers.otgs.work\/krzysztof\/conferencias\/"},"modified":"2022-04-06T19:53:10","modified_gmt":"2022-04-06T19:53:10","slug":"conferencias","status":"publish","type":"page","link":"https:\/\/translation-reviewers.otgs.work\/krzysztof\/es\/conferencias\/","title":{"rendered":"Conferencias"},"content":{"rendered":"\n<div class=\"wp-block-cover alignfull has-background-dim-60 has-background-dim\" style=\"min-height:400px;aspect-ratio:unset;\"><img loading=\"lazy\" decoding=\"async\" width=\"1920\" height=\"1280\" class=\"wp-block-cover__image-background wp-image-216\" alt=\"\" src=\"https:\/\/translation-reviewers.otgs.work\/krzysztof\/wp-content\/uploads\/sites\/96\/2021\/09\/conference-rooms.jpeg\" data-object-fit=\"cover\" srcset=\"https:\/\/translation-reviewers.otgs.work\/krzysztof\/wp-content\/uploads\/sites\/96\/2021\/09\/conference-rooms.jpeg 1920w, https:\/\/translation-reviewers.otgs.work\/krzysztof\/wp-content\/uploads\/sites\/96\/2021\/09\/conference-rooms-300x200.jpeg 300w, https:\/\/translation-reviewers.otgs.work\/krzysztof\/wp-content\/uploads\/sites\/96\/2021\/09\/conference-rooms-1024x683.jpeg 1024w, https:\/\/translation-reviewers.otgs.work\/krzysztof\/wp-content\/uploads\/sites\/96\/2021\/09\/conference-rooms-768x512.jpeg 768w, https:\/\/translation-reviewers.otgs.work\/krzysztof\/wp-content\/uploads\/sites\/96\/2021\/09\/conference-rooms-1536x1024.jpeg 1536w\" sizes=\"auto, (max-width: 1920px) 100vw, 1920px\" \/><div class=\"wp-block-cover__inner-container is-layout-flow wp-block-cover-is-layout-flow\">\n<h1 class=\"has-text-align-center wp-block-heading\">Conferencias<\/h1>\n<\/div><\/div>\n\n<div class=\"wp-block-group alignfull has-white-background-color has-background\"><div class=\"wp-block-group__inner-container is-layout-flow wp-block-group-is-layout-flow\">\n<div style=\"height:100px\" aria-hidden=\"true\" class=\"wp-block-spacer\"><\/div>\n\n\n\n<div class=\"wp-block-columns is-layout-flex wp-container-core-columns-is-layout-28f84493 wp-block-columns-is-layout-flex\">\n<div class=\"wp-block-column is-vertically-aligned-center is-layout-flow wp-block-column-is-layout-flow\" style=\"flex-basis:50%\">\n<figure class=\"wp-block-image size-large is-resized is-style-default\"><img loading=\"lazy\" decoding=\"async\" src=\"https:\/\/translation-reviewers.otgs.work\/krzysztof\/wp-content\/uploads\/sites\/96\/2021\/09\/conference-room-manager.jpeg\" alt=\"gerente de sala de conferencias\" class=\"wp-image-239\" width=\"479\" height=\"638\" srcset=\"https:\/\/translation-reviewers.otgs.work\/krzysztof\/wp-content\/uploads\/sites\/96\/2021\/09\/conference-room-manager.jpeg 640w, https:\/\/translation-reviewers.otgs.work\/krzysztof\/wp-content\/uploads\/sites\/96\/2021\/09\/conference-room-manager-225x300.jpeg 225w\" sizes=\"auto, (max-width: 479px) 100vw, 479px\" \/><\/figure>\n\n\n<div style=\"height:30px\" aria-hidden=\"true\" class=\"wp-block-spacer\"><\/div>\n\n\n\n<div class=\"wp-block-columns is-layout-flex wp-container-core-columns-is-layout-28f84493 wp-block-columns-is-layout-flex\">\n<div class=\"wp-block-column is-layout-flow wp-block-column-is-layout-flow\" style=\"flex-basis:90%\">\n<p class=\"has-text-align-left has-normal-font-size\"><em>Nuestro personal experto en eventos est\u00e1 disponible para ayudarlo en cada paso del camino, desde la planificaci\u00f3n hasta la limpieza.<\/em><\/p>\n<\/div>\n\n\n\n<div class=\"wp-block-column is-layout-flow wp-block-column-is-layout-flow\" style=\"flex-basis:10%\"><\/div>\n<\/div>\n<\/div>\n\n\n\n<div class=\"wp-block-column is-vertically-aligned-center is-layout-flow wp-block-column-is-layout-flow\" style=\"flex-basis:50%\">\n<div class=\"wp-block-group\"><div class=\"wp-block-group__inner-container is-layout-flow wp-block-group-is-layout-flow\">\n<h2 class=\"has-text-align-left wp-block-heading\">Celebre su conferencia en el coraz\u00f3n de la isla<\/h2>\n\n\n\n<div style=\"height:50px\" aria-hidden=\"true\" class=\"wp-block-spacer\"><\/div>\n\n\n\n<div class=\"wp-block-columns is-layout-flex wp-container-core-columns-is-layout-28f84493 wp-block-columns-is-layout-flex\">\n<div class=\"wp-block-column is-vertically-aligned-top is-layout-flow wp-block-column-is-layout-flow\" style=\"flex-basis:33.34%\">\n<h2 class=\"has-text-align-center wp-block-heading\">15<\/h2>\n\n\n\n<p class=\"has-text-align-center has-text-color\" style=\"color:#b59e69;font-size:17px\">Salas de conferencias<\/p>\n<\/div>\n\n\n\n<div class=\"wp-block-column is-vertically-aligned-top is-layout-flow wp-block-column-is-layout-flow\" style=\"flex-basis:33.34%\">\n<h2 class=\"has-text-align-center wp-block-heading\">10-300<\/h2>\n\n\n\n<p class=\"has-text-align-center has-text-color\" style=\"color:#b59e69;font-size:17px\">Asistentes<\/p>\n<\/div>\n\n\n\n<div class=\"wp-block-column is-layout-flow wp-block-column-is-layout-flow\" style=\"flex-basis:33.33%\">\n<h2 class=\"has-text-align-center wp-block-heading\">7<\/h2>\n\n\n\n<p class=\"has-text-align-center has-text-color\" style=\"color:#b59e69;font-size:17px\">Habitaciones con separadores deslizantes<\/p>\n<\/div>\n<\/div>\n\n\n\n<div style=\"height:20px\" aria-hidden=\"true\" class=\"wp-block-spacer\"><\/div>\n\n\n\n<p> De hecho, \u00a1es el <em>\u00fanico<\/em> centro de conferencias de la isla!<\/p>\n\n\n\n<p>Ofrecemos 15 salas de conferencias con aire acondicionado equipadas con audio, video y equipo de proyecci\u00f3n, como proyectores multimedia, reproductores de DVD, fotocopiadoras, todo lo que pueda necesitar para su evento.<\/p>\n\n\n\n<p>Proporcionamos separadores de habitaciones deslizantes instalados en 7 de nuestras salas de conferencias que puede utilizar para unir o separar las salas. Nuestras salas pueden acomodar grupos de 10 hasta 300 asistentes.<\/p>\n\n\n\n<div class=\"wp-block-buttons is-layout-flex wp-block-buttons-is-layout-flex\">\n<div class=\"wp-block-button is-style-outline is-style-outline--1\"><a class=\"wp-block-button__link\" href=\"https:\/\/ref.toolset.com\/hotel-wpml\/contact-us\/\">Cont\u00e1ctenos<\/a><\/div>\n<\/div>\n<\/div><\/div>\n<\/div>\n<\/div>\n\n\n\n<div style=\"height:80px\" aria-hidden=\"true\" class=\"wp-block-spacer\"><\/div>\n<\/div><\/div>\n","protected":false},"excerpt":{"rendered":"<p>Nuestro personal experto en eventos est\u00e1 disponible para ayudarlo en cada paso del camino, desde la planificaci\u00f3n hasta la limpieza. Celebre su conferencia en el coraz\u00f3n de la isla 15 Salas de conferencias 10-300 Asistentes 7 Habitaciones con separadores deslizantes De hecho, \u00a1es el \u00fanico centro de conferencias de la isla! Ofrecemos 15 salas de [&hellip;]<\/p>\n","protected":false},"author":121,"featured_media":0,"parent":0,"menu_order":0,"comment_status":"closed","ping_status":"closed","template":"","meta":{"site-sidebar-layout":"no-sidebar","site-content-layout":"plain-container","ast-site-content-layout":"default","site-content-style":"default","site-sidebar-style":"default","ast-global-header-display":"","ast-banner-title-visibility":"","ast-main-header-display":"","ast-hfb-above-header-display":"","ast-hfb-below-header-display":"","ast-hfb-mobile-header-display":"","site-post-title":"disabled","ast-breadcrumbs-content":"","ast-featured-img":"","footer-sml-layout":"","theme-transparent-header-meta":"default","adv-header-id-meta":"","stick-header-meta":"","header-above-stick-meta":"","header-main-stick-meta":"","header-below-stick-meta":"","astra-migrate-meta-layouts":"default","ast-page-background-enabled":"default","ast-page-background-meta":{"desktop":{"background-color":"var(--ast-global-color-4)","background-image":"","background-repeat":"repeat","background-position":"center center","background-size":"auto","background-attachment":"scroll","background-type":"","background-media":"","overlay-type":"","overlay-color":"","overlay-opacity":"","overlay-gradient":""},"tablet":{"background-color":"","background-image":"","background-repeat":"repeat","background-position":"center center","background-size":"auto","background-attachment":"scroll","background-type":"","background-media":"","overlay-type":"","overlay-color":"","overlay-opacity":"","overlay-gradient":""},"mobile":{"background-color":"","background-image":"","background-repeat":"repeat","background-position":"center center","background-size":"auto","background-attachment":"scroll","background-type":"","background-media":"","overlay-type":"","overlay-color":"","overlay-opacity":"","overlay-gradient":""}},"ast-content-background-meta":{"desktop":{"background-color":"var(--ast-global-color-5)","background-image":"","background-repeat":"repeat","background-position":"center center","background-size":"auto","background-attachment":"scroll","background-type":"","background-media":"","overlay-type":"","overlay-color":"","overlay-opacity":"","overlay-gradient":""},"tablet":{"background-color":"var(--ast-global-color-5)","background-image":"","background-repeat":"repeat","background-position":"center center","background-size":"auto","background-attachment":"scroll","background-type":"","background-media":"","overlay-type":"","overlay-color":"","overlay-opacity":"","overlay-gradient":""},"mobile":{"background-color":"var(--ast-global-color-5)","background-image":"","background-repeat":"repeat","background-position":"center center","background-size":"auto","background-attachment":"scroll","background-type":"","background-media":"","overlay-type":"","overlay-color":"","overlay-opacity":"","overlay-gradient":""}},"footnotes":""},"class_list":["post-232","page","type-page","status-publish","hentry"],"_links":{"self":[{"href":"https:\/\/translation-reviewers.otgs.work\/krzysztof\/es\/wp-json\/wp\/v2\/pages\/232","targetHints":{"allow":["GET"]}}],"collection":[{"href":"https:\/\/translation-reviewers.otgs.work\/krzysztof\/es\/wp-json\/wp\/v2\/pages"}],"about":[{"href":"https:\/\/translation-reviewers.otgs.work\/krzysztof\/es\/wp-json\/wp\/v2\/types\/page"}],"author":[{"embeddable":true,"href":"https:\/\/translation-reviewers.otgs.work\/krzysztof\/es\/wp-json\/wp\/v2\/users\/121"}],"replies":[{"embeddable":true,"href":"https:\/\/translation-reviewers.otgs.work\/krzysztof\/es\/wp-json\/wp\/v2\/comments?post=232"}],"version-history":[{"count":1,"href":"https:\/\/translation-reviewers.otgs.work\/krzysztof\/es\/wp-json\/wp\/v2\/pages\/232\/revisions"}],"predecessor-version":[{"id":247,"href":"https:\/\/translation-reviewers.otgs.work\/krzysztof\/es\/wp-json\/wp\/v2\/pages\/232\/revisions\/247"}],"wp:attachment":[{"href":"https:\/\/translation-reviewers.otgs.work\/krzysztof\/es\/wp-json\/wp\/v2\/media?parent=232"}],"curies":[{"name":"wp","href":"https:\/\/api.w.org\/{rel}","templated":true}]}}