{"id":205,"date":"2022-04-04T14:00:02","date_gmt":"2022-04-04T14:00:02","guid":{"rendered":"https:\/\/translation-reviewers.otgs.work\/krzysztof\/empfaenge\/"},"modified":"2022-04-04T14:00:02","modified_gmt":"2022-04-04T14:00:02","slug":"empfaenge","status":"publish","type":"page","link":"https:\/\/translation-reviewers.otgs.work\/krzysztof\/de\/empfaenge\/","title":{"rendered":"Empf\u00e4nge"},"content":{"rendered":"\n<div class=\"wp-block-cover alignfull has-background-dim\" style=\"min-height:400px;aspect-ratio:unset;\"><img loading=\"lazy\" decoding=\"async\" width=\"1920\" height=\"1280\" class=\"wp-block-cover__image-background wp-image-178\" alt=\"\" src=\"https:\/\/translation-reviewers.otgs.work\/krzysztof\/wp-content\/uploads\/sites\/96\/2021\/09\/weddings.jpeg\" data-object-fit=\"cover\" srcset=\"https:\/\/translation-reviewers.otgs.work\/krzysztof\/wp-content\/uploads\/sites\/96\/2021\/09\/weddings.jpeg 1920w, https:\/\/translation-reviewers.otgs.work\/krzysztof\/wp-content\/uploads\/sites\/96\/2021\/09\/weddings-300x200.jpeg 300w, https:\/\/translation-reviewers.otgs.work\/krzysztof\/wp-content\/uploads\/sites\/96\/2021\/09\/weddings-1024x683.jpeg 1024w, https:\/\/translation-reviewers.otgs.work\/krzysztof\/wp-content\/uploads\/sites\/96\/2021\/09\/weddings-768x512.jpeg 768w, https:\/\/translation-reviewers.otgs.work\/krzysztof\/wp-content\/uploads\/sites\/96\/2021\/09\/weddings-1536x1024.jpeg 1536w\" sizes=\"auto, (max-width: 1920px) 100vw, 1920px\" \/><div class=\"wp-block-cover__inner-container is-layout-flow wp-block-cover-is-layout-flow\">\n<h1 class=\"has-text-align-center wp-block-heading\">Hochzeitsempf\u00e4nge<\/h1>\n<\/div><\/div>\n\n<div style=\"height:100px\" aria-hidden=\"true\" class=\"wp-block-spacer\"><\/div>\n\n<div class=\"wp-block-columns is-layout-flex wp-container-core-columns-is-layout-28f84493 wp-block-columns-is-layout-flex\">\n<div class=\"wp-block-column is-vertically-aligned-top is-layout-flow wp-block-column-is-layout-flow\" style=\"flex-basis:50%\">\n<figure class=\"wp-block-image size-large is-resized\"><img loading=\"lazy\" decoding=\"async\" src=\"https:\/\/translation-reviewers.otgs.work\/krzysztof\/wp-content\/uploads\/sites\/96\/2021\/09\/wedding.jpeg\" alt=\"Hochzeit\" class=\"wp-image-194\" width=\"504\" height=\"335\" srcset=\"https:\/\/translation-reviewers.otgs.work\/krzysztof\/wp-content\/uploads\/sites\/96\/2021\/09\/wedding.jpeg 1000w, https:\/\/translation-reviewers.otgs.work\/krzysztof\/wp-content\/uploads\/sites\/96\/2021\/09\/wedding-300x200.jpeg 300w, https:\/\/translation-reviewers.otgs.work\/krzysztof\/wp-content\/uploads\/sites\/96\/2021\/09\/wedding-768x511.jpeg 768w\" sizes=\"auto, (max-width: 504px) 100vw, 504px\" \/><\/figure>\n\n\n<figure class=\"wp-block-gallery columns-2 wp-block-gallery-1 is-layout-flex wp-block-gallery-is-layout-flex\"><ul class=\"blocks-gallery-grid\"><li class=\"blocks-gallery-item\"><figure><img loading=\"lazy\" decoding=\"async\" width=\"1024\" height=\"681\" src=\"https:\/\/translation-reviewers.otgs.work\/krzysztof\/wp-content\/uploads\/sites\/96\/2021\/09\/wedding-3-1024x681.jpeg\" alt=\"Brautpaar\" data-id=\"37\" data-full-url=\"https:\/\/translation-reviewers.otgs.work\/krzysztof\/wp-content\/uploads\/sites\/96\/2021\/09\/wedding-3.jpeg\" data-link=\"https:\/\/translation-reviewers.otgs.work\/krzysztof\/wedding-3\/\" class=\"wp-image-195\" srcset=\"https:\/\/translation-reviewers.otgs.work\/krzysztof\/wp-content\/uploads\/sites\/96\/2021\/09\/wedding-3-1024x681.jpeg 1024w, https:\/\/translation-reviewers.otgs.work\/krzysztof\/wp-content\/uploads\/sites\/96\/2021\/09\/wedding-3-300x200.jpeg 300w, https:\/\/translation-reviewers.otgs.work\/krzysztof\/wp-content\/uploads\/sites\/96\/2021\/09\/wedding-3-768x511.jpeg 768w, https:\/\/translation-reviewers.otgs.work\/krzysztof\/wp-content\/uploads\/sites\/96\/2021\/09\/wedding-3.jpeg 1200w\" sizes=\"auto, (max-width: 1024px) 100vw, 1024px\" \/><\/figure><\/li><li class=\"blocks-gallery-item\"><figure><img loading=\"lazy\" decoding=\"async\" width=\"640\" height=\"960\" src=\"https:\/\/translation-reviewers.otgs.work\/krzysztof\/wp-content\/uploads\/sites\/96\/2021\/09\/wedding-table.jpeg\" alt=\"Hochzeitstisch\" data-id=\"18\" data-full-url=\"https:\/\/translation-reviewers.otgs.work\/krzysztof\/wp-content\/uploads\/sites\/96\/2021\/09\/wedding-table.jpeg\" data-link=\"https:\/\/translation-reviewers.otgs.work\/krzysztof\/wedding-table\/\" class=\"wp-image-177\" srcset=\"https:\/\/translation-reviewers.otgs.work\/krzysztof\/wp-content\/uploads\/sites\/96\/2021\/09\/wedding-table.jpeg 640w, https:\/\/translation-reviewers.otgs.work\/krzysztof\/wp-content\/uploads\/sites\/96\/2021\/09\/wedding-table-200x300.jpeg 200w\" sizes=\"auto, (max-width: 640px) 100vw, 640px\" \/><\/figure><\/li><\/ul><\/figure><\/div>\n\n\n\n<div class=\"wp-block-column is-vertically-aligned-center is-layout-flow wp-block-column-is-layout-flow\" style=\"flex-basis:50%\">\n<div class=\"wp-block-columns is-layout-flex wp-container-core-columns-is-layout-28f84493 wp-block-columns-is-layout-flex\">\n<div class=\"wp-block-column is-layout-flow wp-block-column-is-layout-flow\" style=\"flex-basis:10%\"><\/div>\n\n\n\n<div class=\"wp-block-column is-layout-flow wp-block-column-is-layout-flow\" style=\"flex-basis:90%\">\n<h2 class=\"wp-block-heading\">Au\u00dfergew\u00f6hnliche Empf\u00e4nge<\/h2>\n\n\n\n<div style=\"height:30px\" aria-hidden=\"true\" class=\"wp-block-spacer\"><\/div>\n\n\n\n<p>Eine wundersch\u00f6ne Insel, ein komfortables Hotel, 5-Sterne-Essen &#8230; machen Ihre Hochzeitsfeier zu einem unvergesslichen Erlebnis!<\/p>\n\n\n\n<p>Unsere erfahrenen Hochzeitsplaner sorgen daf\u00fcr, dass jedes Detail ber\u00fccksichtigt wird und Ihr besonderer Tag stressfrei und perfekt wird. Wir garantieren, dass dieses unvergessliche Fest zu einem der sch\u00f6nsten Tage Ihres Lebens wird.<\/p>\n\n\n\n<p><strong>Feiern Sie einen anderen Anlass?<\/strong> Fragen Sie nach unseren Jubil\u00e4ums-, Gel\u00fcbde-Erneuerungs- und speziellen Geburtstagsparty-Paketen.<\/p>\n\n\n\n<div class=\"wp-block-buttons is-layout-flex wp-block-buttons-is-layout-flex\">\n<div class=\"wp-block-button is-style-outline is-style-outline--2\"><a class=\"wp-block-button__link\" href=\"https:\/\/translation-reviewers.otgs.work\/krzysztof\/de\/kontaktieren-sie-uns\/\">Kontaktieren Sie uns<\/a><\/div>\n<\/div>\n<\/div>\n<\/div>\n<\/div>\n<\/div>\n\n<div style=\"height:100px\" aria-hidden=\"true\" class=\"wp-block-spacer\"><\/div>\n\n<figure class=\"wp-block-embed is-type-video is-provider-youtube wp-block-embed-youtube wp-embed-aspect-16-9 wp-has-aspect-ratio\"><div class=\"wp-block-embed__wrapper\">\n<iframe loading=\"lazy\" title=\"The Dos and Don&#039;ts of Wedding Receptions | HGTV\" width=\"500\" height=\"281\" src=\"https:\/\/www.youtube.com\/embed\/WghXy9li9pE?feature=oembed\" frameborder=\"0\" allow=\"accelerometer; autoplay; clipboard-write; encrypted-media; gyroscope; picture-in-picture; web-share\" referrerpolicy=\"strict-origin-when-cross-origin\" allowfullscreen><\/iframe>\n<\/div><\/figure>\n","protected":false},"excerpt":{"rendered":"<p>Au\u00dfergew\u00f6hnliche Empf\u00e4nge Eine wundersch\u00f6ne Insel, ein komfortables Hotel, 5-Sterne-Essen &#8230; machen Ihre Hochzeitsfeier zu einem unvergesslichen Erlebnis! Unsere erfahrenen Hochzeitsplaner sorgen daf\u00fcr, dass jedes Detail ber\u00fccksichtigt wird und Ihr besonderer Tag stressfrei und perfekt wird. Wir garantieren, dass dieses unvergessliche Fest zu einem der sch\u00f6nsten Tage Ihres Lebens wird. Feiern Sie einen anderen Anlass? Fragen [&hellip;]<\/p>\n","protected":false},"author":121,"featured_media":0,"parent":0,"menu_order":0,"comment_status":"closed","ping_status":"closed","template":"","meta":{"site-sidebar-layout":"no-sidebar","site-content-layout":"plain-container","ast-site-content-layout":"default","site-content-style":"default","site-sidebar-style":"default","ast-global-header-display":"","ast-banner-title-visibility":"","ast-main-header-display":"","ast-hfb-above-header-display":"","ast-hfb-below-header-display":"","ast-hfb-mobile-header-display":"","site-post-title":"disabled","ast-breadcrumbs-content":"","ast-featured-img":"","footer-sml-layout":"","theme-transparent-header-meta":"default","adv-header-id-meta":"","stick-header-meta":"","header-above-stick-meta":"","header-main-stick-meta":"","header-below-stick-meta":"","astra-migrate-meta-layouts":"default","ast-page-background-enabled":"default","ast-page-background-meta":{"desktop":{"background-color":"var(--ast-global-color-4)","background-image":"","background-repeat":"repeat","background-position":"center center","background-size":"auto","background-attachment":"scroll","background-type":"","background-media":"","overlay-type":"","overlay-color":"","overlay-opacity":"","overlay-gradient":""},"tablet":{"background-color":"","background-image":"","background-repeat":"repeat","background-position":"center center","background-size":"auto","background-attachment":"scroll","background-type":"","background-media":"","overlay-type":"","overlay-color":"","overlay-opacity":"","overlay-gradient":""},"mobile":{"background-color":"","background-image":"","background-repeat":"repeat","background-position":"center center","background-size":"auto","background-attachment":"scroll","background-type":"","background-media":"","overlay-type":"","overlay-color":"","overlay-opacity":"","overlay-gradient":""}},"ast-content-background-meta":{"desktop":{"background-color":"var(--ast-global-color-5)","background-image":"","background-repeat":"repeat","background-position":"center center","background-size":"auto","background-attachment":"scroll","background-type":"","background-media":"","overlay-type":"","overlay-color":"","overlay-opacity":"","overlay-gradient":""},"tablet":{"background-color":"var(--ast-global-color-5)","background-image":"","background-repeat":"repeat","background-position":"center center","background-size":"auto","background-attachment":"scroll","background-type":"","background-media":"","overlay-type":"","overlay-color":"","overlay-opacity":"","overlay-gradient":""},"mobile":{"background-color":"var(--ast-global-color-5)","background-image":"","background-repeat":"repeat","background-position":"center center","background-size":"auto","background-attachment":"scroll","background-type":"","background-media":"","overlay-type":"","overlay-color":"","overlay-opacity":"","overlay-gradient":""}},"footnotes":""},"class_list":["post-205","page","type-page","status-publish","hentry"],"_links":{"self":[{"href":"https:\/\/translation-reviewers.otgs.work\/krzysztof\/de\/wp-json\/wp\/v2\/pages\/205","targetHints":{"allow":["GET"]}}],"collection":[{"href":"https:\/\/translation-reviewers.otgs.work\/krzysztof\/de\/wp-json\/wp\/v2\/pages"}],"about":[{"href":"https:\/\/translation-reviewers.otgs.work\/krzysztof\/de\/wp-json\/wp\/v2\/types\/page"}],"author":[{"embeddable":true,"href":"https:\/\/translation-reviewers.otgs.work\/krzysztof\/de\/wp-json\/wp\/v2\/users\/121"}],"replies":[{"embeddable":true,"href":"https:\/\/translation-reviewers.otgs.work\/krzysztof\/de\/wp-json\/wp\/v2\/comments?post=205"}],"version-history":[{"count":1,"href":"https:\/\/translation-reviewers.otgs.work\/krzysztof\/de\/wp-json\/wp\/v2\/pages\/205\/revisions"}],"predecessor-version":[{"id":209,"href":"https:\/\/translation-reviewers.otgs.work\/krzysztof\/de\/wp-json\/wp\/v2\/pages\/205\/revisions\/209"}],"wp:attachment":[{"href":"https:\/\/translation-reviewers.otgs.work\/krzysztof\/de\/wp-json\/wp\/v2\/media?parent=205"}],"curies":[{"name":"wp","href":"https:\/\/api.w.org\/{rel}","templated":true}]}}