{"id":131,"date":"2021-09-24T09:12:32","date_gmt":"2021-09-24T09:12:32","guid":{"rendered":"https:\/\/translation-reviewers.otgs.work\/jeanmarc\/conferences\/"},"modified":"2021-09-25T05:58:49","modified_gmt":"2021-09-25T05:58:49","slug":"conferences","status":"publish","type":"page","link":"https:\/\/translation-reviewers.otgs.work\/jeanmarc\/fr\/conferences\/","title":{"rendered":"Conf\u00e9rences"},"content":{"rendered":"\n<div class=\"wp-block-cover alignfull has-background-dim-60 has-background-dim\" style=\"min-height:400px;aspect-ratio:unset;\"><img loading=\"lazy\" decoding=\"async\" width=\"1920\" height=\"1280\" class=\"wp-block-cover__image-background wp-image-91\" alt=\"\" src=\"https:\/\/translation-reviewers.otgs.work\/jeanmarc\/wp-content\/uploads\/sites\/42\/2021\/09\/conference-rooms.jpeg\" data-object-fit=\"cover\" srcset=\"https:\/\/translation-reviewers.otgs.work\/jeanmarc\/wp-content\/uploads\/sites\/42\/2021\/09\/conference-rooms.jpeg 1920w, https:\/\/translation-reviewers.otgs.work\/jeanmarc\/wp-content\/uploads\/sites\/42\/2021\/09\/conference-rooms-300x200.jpeg 300w, https:\/\/translation-reviewers.otgs.work\/jeanmarc\/wp-content\/uploads\/sites\/42\/2021\/09\/conference-rooms-1024x683.jpeg 1024w, https:\/\/translation-reviewers.otgs.work\/jeanmarc\/wp-content\/uploads\/sites\/42\/2021\/09\/conference-rooms-768x512.jpeg 768w, https:\/\/translation-reviewers.otgs.work\/jeanmarc\/wp-content\/uploads\/sites\/42\/2021\/09\/conference-rooms-1536x1024.jpeg 1536w\" sizes=\"auto, (max-width: 1920px) 100vw, 1920px\" \/><div class=\"wp-block-cover__inner-container is-layout-flow wp-block-cover-is-layout-flow\">\n<h1 class=\"has-text-align-center wp-block-heading\">Conf\u00e9rences<\/h1>\n<\/div><\/div>\n\n<div class=\"wp-block-group alignfull has-white-background-color has-background\"><div class=\"wp-block-group__inner-container is-layout-flow wp-block-group-is-layout-flow\">\n<div style=\"height:100px\" aria-hidden=\"true\" class=\"wp-block-spacer\"><\/div>\n\n\n\n<div class=\"wp-block-columns is-layout-flex wp-container-core-columns-is-layout-28f84493 wp-block-columns-is-layout-flex\">\n<div class=\"wp-block-column is-vertically-aligned-center is-layout-flow wp-block-column-is-layout-flow\" style=\"flex-basis:50%\">\n<figure class=\"wp-block-image size-large is-resized is-style-default\"><img loading=\"lazy\" decoding=\"async\" src=\"https:\/\/translation-reviewers.otgs.work\/jeanmarc\/wp-content\/uploads\/sites\/42\/2021\/09\/conference-room-manager.jpeg\" alt=\"responsable de salle de conf&#xE9;rences\" class=\"wp-image-111\" width=\"479\" height=\"638\" srcset=\"https:\/\/translation-reviewers.otgs.work\/jeanmarc\/wp-content\/uploads\/sites\/42\/2021\/09\/conference-room-manager.jpeg 640w, https:\/\/translation-reviewers.otgs.work\/jeanmarc\/wp-content\/uploads\/sites\/42\/2021\/09\/conference-room-manager-225x300.jpeg 225w\" sizes=\"auto, (max-width: 479px) 100vw, 479px\" \/><\/figure>\n\n\n<div style=\"height:30px\" aria-hidden=\"true\" class=\"wp-block-spacer\"><\/div>\n\n\n\n<div class=\"wp-block-columns is-layout-flex wp-container-core-columns-is-layout-28f84493 wp-block-columns-is-layout-flex\">\n<div class=\"wp-block-column is-layout-flow wp-block-column-is-layout-flow\" style=\"flex-basis:90%\">\n<p class=\"has-text-align-left has-normal-font-size\"><em>Notre personnel expert en \u00e9v\u00e9nements est disponible pour vous aider \u00e0 chaque \u00e9tape du processus, de la planification au nettoyage.<\/em><\/p>\n<\/div>\n\n\n\n<div class=\"wp-block-column is-layout-flow wp-block-column-is-layout-flow\" style=\"flex-basis:10%\"><\/div>\n<\/div>\n<\/div>\n\n\n\n<div class=\"wp-block-column is-vertically-aligned-center is-layout-flow wp-block-column-is-layout-flow\" style=\"flex-basis:50%\">\n<div class=\"wp-block-group\"><div class=\"wp-block-group__inner-container is-layout-flow wp-block-group-is-layout-flow\">\n<h2 class=\"has-text-align-left wp-block-heading\">Organisez votre conf\u00e9rence au c\u0153ur de l&rsquo;\u00eele<\/h2>\n\n\n\n<div style=\"height:50px\" aria-hidden=\"true\" class=\"wp-block-spacer\"><\/div>\n\n\n\n<div class=\"wp-block-columns is-layout-flex wp-container-core-columns-is-layout-28f84493 wp-block-columns-is-layout-flex\">\n<div class=\"wp-block-column is-vertically-aligned-top is-layout-flow wp-block-column-is-layout-flow\" style=\"flex-basis:33.34%\">\n<h2 class=\"has-text-align-center wp-block-heading\">15<\/h2>\n\n\n\n<p class=\"has-text-align-center has-text-color\" style=\"color:#b59e69;font-size:17px\">Salles de conf\u00e9rence<\/p>\n<\/div>\n\n\n\n<div class=\"wp-block-column is-vertically-aligned-top is-layout-flow wp-block-column-is-layout-flow\" style=\"flex-basis:33.34%\">\n<h2 class=\"has-text-align-center wp-block-heading\">10-300<\/h2>\n\n\n\n<p class=\"has-text-align-center has-text-color\" style=\"color:#b59e69;font-size:17px\">Participants<\/p>\n<\/div>\n\n\n\n<div class=\"wp-block-column is-layout-flow wp-block-column-is-layout-flow\" style=\"flex-basis:33.33%\">\n<h2 class=\"has-text-align-center wp-block-heading\">7<\/h2>\n\n\n\n<p class=\"has-text-align-center has-text-color\" style=\"color:#b59e69;font-size:17px\">Salles avec cloisons coulissantes<\/p>\n<\/div>\n<\/div>\n\n\n\n<div style=\"height:20px\" aria-hidden=\"true\" class=\"wp-block-spacer\"><\/div>\n\n\n\n<p> En fait, c&rsquo;est le<em> seul<\/em> centre de conf\u00e9rences sur l&rsquo;\u00eele !<\/p>\n\n\n\n<p>Nous proposons 15 salles de conf\u00e9rence climatis\u00e9es et \u00e9quip\u00e9es d&rsquo;\u00e9quipements audio, vid\u00e9o et de projection tels que des projecteurs multim\u00e9dia, des lecteurs DVD, des photocopieurs, tout ce dont vous pourriez avoir besoin pour votre \u00e9v\u00e9nement.<\/p>\n\n\n\n<p>Nous fournissons des cloisons coulissantes install\u00e9es dans 7 de nos salles de conf\u00e9rence que vous pouvez utiliser pour joindre ou s\u00e9parer les salles. Nos salles peuvent accueillir des groupes de 10 jusqu&rsquo;\u00e0 300 participants.<\/p>\n\n\n\n<div class=\"wp-block-buttons is-layout-flex wp-block-buttons-is-layout-flex\">\n<div class=\"wp-block-button is-style-outline is-style-outline--1\"><a class=\"wp-block-button__link\" href=\"https:\/\/ref.toolset.com\/hotel-wpml\/contact-us\/\">Nous contacter<\/a><\/div>\n<\/div>\n<\/div><\/div>\n<\/div>\n<\/div>\n\n\n\n<div style=\"height:80px\" aria-hidden=\"true\" class=\"wp-block-spacer\"><\/div>\n<\/div><\/div>\n","protected":false},"excerpt":{"rendered":"<p>Notre personnel expert en \u00e9v\u00e9nements est disponible pour vous aider \u00e0 chaque \u00e9tape du processus, de la planification au nettoyage. Organisez votre conf\u00e9rence au c\u0153ur de l&rsquo;\u00eele 15 Salles de conf\u00e9rence 10-300 Participants 7 Salles avec cloisons coulissantes En fait, c&rsquo;est le seul centre de conf\u00e9rences sur l&rsquo;\u00eele ! Nous proposons 15 salles de conf\u00e9rence [&hellip;]<\/p>\n","protected":false},"author":121,"featured_media":0,"parent":0,"menu_order":0,"comment_status":"closed","ping_status":"closed","template":"","meta":{"site-sidebar-layout":"no-sidebar","site-content-layout":"plain-container","ast-site-content-layout":"default","site-content-style":"default","site-sidebar-style":"default","ast-global-header-display":"","ast-banner-title-visibility":"","ast-main-header-display":"","ast-hfb-above-header-display":"","ast-hfb-below-header-display":"","ast-hfb-mobile-header-display":"","site-post-title":"disabled","ast-breadcrumbs-content":"","ast-featured-img":"","footer-sml-layout":"","theme-transparent-header-meta":"default","adv-header-id-meta":"","stick-header-meta":"","header-above-stick-meta":"","header-main-stick-meta":"","header-below-stick-meta":"","astra-migrate-meta-layouts":"default","ast-page-background-enabled":"default","ast-page-background-meta":{"desktop":{"background-color":"var(--ast-global-color-4)","background-image":"","background-repeat":"repeat","background-position":"center center","background-size":"auto","background-attachment":"scroll","background-type":"","background-media":"","overlay-type":"","overlay-color":"","overlay-opacity":"","overlay-gradient":""},"tablet":{"background-color":"","background-image":"","background-repeat":"repeat","background-position":"center center","background-size":"auto","background-attachment":"scroll","background-type":"","background-media":"","overlay-type":"","overlay-color":"","overlay-opacity":"","overlay-gradient":""},"mobile":{"background-color":"","background-image":"","background-repeat":"repeat","background-position":"center center","background-size":"auto","background-attachment":"scroll","background-type":"","background-media":"","overlay-type":"","overlay-color":"","overlay-opacity":"","overlay-gradient":""}},"ast-content-background-meta":{"desktop":{"background-color":"var(--ast-global-color-5)","background-image":"","background-repeat":"repeat","background-position":"center center","background-size":"auto","background-attachment":"scroll","background-type":"","background-media":"","overlay-type":"","overlay-color":"","overlay-opacity":"","overlay-gradient":""},"tablet":{"background-color":"var(--ast-global-color-5)","background-image":"","background-repeat":"repeat","background-position":"center center","background-size":"auto","background-attachment":"scroll","background-type":"","background-media":"","overlay-type":"","overlay-color":"","overlay-opacity":"","overlay-gradient":""},"mobile":{"background-color":"var(--ast-global-color-5)","background-image":"","background-repeat":"repeat","background-position":"center center","background-size":"auto","background-attachment":"scroll","background-type":"","background-media":"","overlay-type":"","overlay-color":"","overlay-opacity":"","overlay-gradient":""}},"footnotes":""},"class_list":["post-131","page","type-page","status-publish","hentry"],"_links":{"self":[{"href":"https:\/\/translation-reviewers.otgs.work\/jeanmarc\/fr\/wp-json\/wp\/v2\/pages\/131","targetHints":{"allow":["GET"]}}],"collection":[{"href":"https:\/\/translation-reviewers.otgs.work\/jeanmarc\/fr\/wp-json\/wp\/v2\/pages"}],"about":[{"href":"https:\/\/translation-reviewers.otgs.work\/jeanmarc\/fr\/wp-json\/wp\/v2\/types\/page"}],"author":[{"embeddable":true,"href":"https:\/\/translation-reviewers.otgs.work\/jeanmarc\/fr\/wp-json\/wp\/v2\/users\/121"}],"replies":[{"embeddable":true,"href":"https:\/\/translation-reviewers.otgs.work\/jeanmarc\/fr\/wp-json\/wp\/v2\/comments?post=131"}],"version-history":[{"count":9,"href":"https:\/\/translation-reviewers.otgs.work\/jeanmarc\/fr\/wp-json\/wp\/v2\/pages\/131\/revisions"}],"predecessor-version":[{"id":153,"href":"https:\/\/translation-reviewers.otgs.work\/jeanmarc\/fr\/wp-json\/wp\/v2\/pages\/131\/revisions\/153"}],"wp:attachment":[{"href":"https:\/\/translation-reviewers.otgs.work\/jeanmarc\/fr\/wp-json\/wp\/v2\/media?parent=131"}],"curies":[{"name":"wp","href":"https:\/\/api.w.org\/{rel}","templated":true}]}}