{"id":123,"date":"2021-09-24T09:12:29","date_gmt":"2021-09-24T09:12:29","guid":{"rendered":"https:\/\/translation-reviewers.otgs.work\/jeanmarc\/receptions\/"},"modified":"2021-09-25T06:20:54","modified_gmt":"2021-09-25T06:20:54","slug":"receptions","status":"publish","type":"page","link":"https:\/\/translation-reviewers.otgs.work\/jeanmarc\/fr\/receptions\/","title":{"rendered":"R\u00e9ceptions"},"content":{"rendered":"\n<div class=\"wp-block-cover alignfull has-background-dim\" style=\"min-height:400px;aspect-ratio:unset;\"><img loading=\"lazy\" decoding=\"async\" width=\"1920\" height=\"1280\" class=\"wp-block-cover__image-background wp-image-96\" alt=\"\" src=\"https:\/\/translation-reviewers.otgs.work\/jeanmarc\/wp-content\/uploads\/sites\/42\/2021\/09\/weddings.jpeg\" data-object-fit=\"cover\" srcset=\"https:\/\/translation-reviewers.otgs.work\/jeanmarc\/wp-content\/uploads\/sites\/42\/2021\/09\/weddings.jpeg 1920w, https:\/\/translation-reviewers.otgs.work\/jeanmarc\/wp-content\/uploads\/sites\/42\/2021\/09\/weddings-300x200.jpeg 300w, https:\/\/translation-reviewers.otgs.work\/jeanmarc\/wp-content\/uploads\/sites\/42\/2021\/09\/weddings-1024x683.jpeg 1024w, https:\/\/translation-reviewers.otgs.work\/jeanmarc\/wp-content\/uploads\/sites\/42\/2021\/09\/weddings-768x512.jpeg 768w, https:\/\/translation-reviewers.otgs.work\/jeanmarc\/wp-content\/uploads\/sites\/42\/2021\/09\/weddings-1536x1024.jpeg 1536w\" sizes=\"auto, (max-width: 1920px) 100vw, 1920px\" \/><div class=\"wp-block-cover__inner-container is-layout-flow wp-block-cover-is-layout-flow\">\n<h1 class=\"has-text-align-center wp-block-heading\">R\u00e9ceptions de mariage<\/h1>\n<\/div><\/div>\n\n<div style=\"height:100px\" aria-hidden=\"true\" class=\"wp-block-spacer\"><\/div>\n\n<div class=\"wp-block-columns is-layout-flex wp-container-core-columns-is-layout-28f84493 wp-block-columns-is-layout-flex\">\n<div class=\"wp-block-column is-vertically-aligned-top is-layout-flow wp-block-column-is-layout-flow\" style=\"flex-basis:50%\">\n<figure class=\"wp-block-image size-large is-resized\"><img loading=\"lazy\" decoding=\"async\" src=\"https:\/\/translation-reviewers.otgs.work\/jeanmarc\/wp-content\/uploads\/sites\/42\/2021\/09\/wedding.jpeg\" alt=\"mariage\" class=\"wp-image-112\" width=\"504\" height=\"335\" srcset=\"https:\/\/translation-reviewers.otgs.work\/jeanmarc\/wp-content\/uploads\/sites\/42\/2021\/09\/wedding.jpeg 1000w, https:\/\/translation-reviewers.otgs.work\/jeanmarc\/wp-content\/uploads\/sites\/42\/2021\/09\/wedding-300x200.jpeg 300w, https:\/\/translation-reviewers.otgs.work\/jeanmarc\/wp-content\/uploads\/sites\/42\/2021\/09\/wedding-768x511.jpeg 768w\" sizes=\"auto, (max-width: 504px) 100vw, 504px\" \/><\/figure>\n\n\n<figure class=\"wp-block-gallery columns-2 wp-block-gallery-1 is-layout-flex wp-block-gallery-is-layout-flex\"><ul class=\"blocks-gallery-grid\"><li class=\"blocks-gallery-item\"><figure><img loading=\"lazy\" decoding=\"async\" width=\"1024\" height=\"681\" src=\"https:\/\/translation-reviewers.otgs.work\/jeanmarc\/wp-content\/uploads\/sites\/42\/2021\/09\/wedding-3-1024x681.jpeg\" alt=\"couple de mariage\" data-id=\"37\" data-full-url=\"https:\/\/translation-reviewers.otgs.work\/jeanmarc\/wp-content\/uploads\/sites\/42\/2021\/09\/wedding-3.jpeg\" data-link=\"https:\/\/translation-reviewers.otgs.work\/jeanmarc\/wedding-3\/\" class=\"wp-image-113\" srcset=\"https:\/\/translation-reviewers.otgs.work\/jeanmarc\/wp-content\/uploads\/sites\/42\/2021\/09\/wedding-3-1024x681.jpeg 1024w, https:\/\/translation-reviewers.otgs.work\/jeanmarc\/wp-content\/uploads\/sites\/42\/2021\/09\/wedding-3-300x200.jpeg 300w, https:\/\/translation-reviewers.otgs.work\/jeanmarc\/wp-content\/uploads\/sites\/42\/2021\/09\/wedding-3-768x511.jpeg 768w, https:\/\/translation-reviewers.otgs.work\/jeanmarc\/wp-content\/uploads\/sites\/42\/2021\/09\/wedding-3.jpeg 1200w\" sizes=\"auto, (max-width: 1024px) 100vw, 1024px\" \/><\/figure><\/li><li class=\"blocks-gallery-item\"><figure><img loading=\"lazy\" decoding=\"async\" width=\"640\" height=\"960\" src=\"https:\/\/translation-reviewers.otgs.work\/jeanmarc\/wp-content\/uploads\/sites\/42\/2021\/09\/wedding-table.jpeg\" alt=\"table de mariage\" data-id=\"18\" data-full-url=\"https:\/\/translation-reviewers.otgs.work\/jeanmarc\/wp-content\/uploads\/sites\/42\/2021\/09\/wedding-table.jpeg\" data-link=\"https:\/\/translation-reviewers.otgs.work\/jeanmarc\/wedding-table\/\" class=\"wp-image-95\" srcset=\"https:\/\/translation-reviewers.otgs.work\/jeanmarc\/wp-content\/uploads\/sites\/42\/2021\/09\/wedding-table.jpeg 640w, https:\/\/translation-reviewers.otgs.work\/jeanmarc\/wp-content\/uploads\/sites\/42\/2021\/09\/wedding-table-200x300.jpeg 200w\" sizes=\"auto, (max-width: 640px) 100vw, 640px\" \/><\/figure><\/li><\/ul><\/figure><\/div>\n\n\n\n<div class=\"wp-block-column is-vertically-aligned-center is-layout-flow wp-block-column-is-layout-flow\" style=\"flex-basis:50%\">\n<div class=\"wp-block-columns is-layout-flex wp-container-core-columns-is-layout-28f84493 wp-block-columns-is-layout-flex\">\n<div class=\"wp-block-column is-layout-flow wp-block-column-is-layout-flow\" style=\"flex-basis:10%\"><\/div>\n\n\n\n<div class=\"wp-block-column is-layout-flow wp-block-column-is-layout-flow\" style=\"flex-basis:90%\">\n<h2 class=\"wp-block-heading\">R\u00e9ceptions d&rsquo;exception<\/h2>\n\n\n\n<div style=\"height:30px\" aria-hidden=\"true\" class=\"wp-block-spacer\"><\/div>\n\n\n\n<p>Une \u00eele magnifique, un h\u00f4tel confortable, une cuisine 5 \u00e9toiles&#8230; faites de votre r\u00e9ception de mariage un moment dont tous vos invit\u00e9s se souviendront !<\/p>\n\n\n\n<p>Nos organisateurs de mariages exp\u00e9riment\u00e9s s&rsquo;assurent que chaque d\u00e9tail est trait\u00e9 et que votre journ\u00e9e sp\u00e9ciale est sans stress et parfaite. Nous vous garantissons que cette c\u00e9l\u00e9bration inoubliable deviendra l&rsquo;un des plus beaux jours de votre vie.<\/p>\n\n\n\n<p><strong>F\u00eater une occasion diff\u00e9rente ?<\/strong> Renseignez-vous sur nos forfaits anniversaire, renouvellement de v\u0153ux et f\u00eate d&rsquo;anniversaire sp\u00e9ciale.<\/p>\n\n\n\n<div class=\"wp-block-buttons is-layout-flex wp-block-buttons-is-layout-flex\">\n<div class=\"wp-block-button is-style-outline is-style-outline--2\"><a class=\"wp-block-button__link\" href=\"https:\/\/translation-reviewers.otgs.work\/jeanmarc\/fr\/nous-contacter\/\">Nous contacter<\/a><\/div>\n<\/div>\n<\/div>\n<\/div>\n<\/div>\n<\/div>\n\n<div style=\"height:100px\" aria-hidden=\"true\" class=\"wp-block-spacer\"><\/div>\n","protected":false},"excerpt":{"rendered":"<p>R\u00e9ceptions d&rsquo;exception Une \u00eele magnifique, un h\u00f4tel confortable, une cuisine 5 \u00e9toiles&#8230; faites de votre r\u00e9ception de mariage un moment dont tous vos invit\u00e9s se souviendront ! Nos organisateurs de mariages exp\u00e9riment\u00e9s s&rsquo;assurent que chaque d\u00e9tail est trait\u00e9 et que votre journ\u00e9e sp\u00e9ciale est sans stress et parfaite. Nous vous garantissons que cette c\u00e9l\u00e9bration inoubliable [&hellip;]<\/p>\n","protected":false},"author":121,"featured_media":0,"parent":0,"menu_order":0,"comment_status":"closed","ping_status":"closed","template":"","meta":{"site-sidebar-layout":"no-sidebar","site-content-layout":"plain-container","ast-site-content-layout":"default","site-content-style":"default","site-sidebar-style":"default","ast-global-header-display":"","ast-banner-title-visibility":"","ast-main-header-display":"","ast-hfb-above-header-display":"","ast-hfb-below-header-display":"","ast-hfb-mobile-header-display":"","site-post-title":"disabled","ast-breadcrumbs-content":"","ast-featured-img":"","footer-sml-layout":"","theme-transparent-header-meta":"default","adv-header-id-meta":"","stick-header-meta":"","header-above-stick-meta":"","header-main-stick-meta":"","header-below-stick-meta":"","astra-migrate-meta-layouts":"default","ast-page-background-enabled":"default","ast-page-background-meta":{"desktop":{"background-color":"var(--ast-global-color-4)","background-image":"","background-repeat":"repeat","background-position":"center center","background-size":"auto","background-attachment":"scroll","background-type":"","background-media":"","overlay-type":"","overlay-color":"","overlay-opacity":"","overlay-gradient":""},"tablet":{"background-color":"","background-image":"","background-repeat":"repeat","background-position":"center center","background-size":"auto","background-attachment":"scroll","background-type":"","background-media":"","overlay-type":"","overlay-color":"","overlay-opacity":"","overlay-gradient":""},"mobile":{"background-color":"","background-image":"","background-repeat":"repeat","background-position":"center center","background-size":"auto","background-attachment":"scroll","background-type":"","background-media":"","overlay-type":"","overlay-color":"","overlay-opacity":"","overlay-gradient":""}},"ast-content-background-meta":{"desktop":{"background-color":"var(--ast-global-color-5)","background-image":"","background-repeat":"repeat","background-position":"center center","background-size":"auto","background-attachment":"scroll","background-type":"","background-media":"","overlay-type":"","overlay-color":"","overlay-opacity":"","overlay-gradient":""},"tablet":{"background-color":"var(--ast-global-color-5)","background-image":"","background-repeat":"repeat","background-position":"center center","background-size":"auto","background-attachment":"scroll","background-type":"","background-media":"","overlay-type":"","overlay-color":"","overlay-opacity":"","overlay-gradient":""},"mobile":{"background-color":"var(--ast-global-color-5)","background-image":"","background-repeat":"repeat","background-position":"center center","background-size":"auto","background-attachment":"scroll","background-type":"","background-media":"","overlay-type":"","overlay-color":"","overlay-opacity":"","overlay-gradient":""}},"footnotes":""},"class_list":["post-123","page","type-page","status-publish","hentry"],"_links":{"self":[{"href":"https:\/\/translation-reviewers.otgs.work\/jeanmarc\/fr\/wp-json\/wp\/v2\/pages\/123","targetHints":{"allow":["GET"]}}],"collection":[{"href":"https:\/\/translation-reviewers.otgs.work\/jeanmarc\/fr\/wp-json\/wp\/v2\/pages"}],"about":[{"href":"https:\/\/translation-reviewers.otgs.work\/jeanmarc\/fr\/wp-json\/wp\/v2\/types\/page"}],"author":[{"embeddable":true,"href":"https:\/\/translation-reviewers.otgs.work\/jeanmarc\/fr\/wp-json\/wp\/v2\/users\/121"}],"replies":[{"embeddable":true,"href":"https:\/\/translation-reviewers.otgs.work\/jeanmarc\/fr\/wp-json\/wp\/v2\/comments?post=123"}],"version-history":[{"count":7,"href":"https:\/\/translation-reviewers.otgs.work\/jeanmarc\/fr\/wp-json\/wp\/v2\/pages\/123\/revisions"}],"predecessor-version":[{"id":159,"href":"https:\/\/translation-reviewers.otgs.work\/jeanmarc\/fr\/wp-json\/wp\/v2\/pages\/123\/revisions\/159"}],"wp:attachment":[{"href":"https:\/\/translation-reviewers.otgs.work\/jeanmarc\/fr\/wp-json\/wp\/v2\/media?parent=123"}],"curies":[{"name":"wp","href":"https:\/\/api.w.org\/{rel}","templated":true}]}}