{"id":120,"date":"2021-09-24T09:12:28","date_gmt":"2021-09-24T09:12:28","guid":{"rendered":"https:\/\/translation-reviewers.otgs.work\/jeanmarc\/reservez-votre-sejour\/"},"modified":"2021-09-25T05:46:58","modified_gmt":"2021-09-25T05:46:58","slug":"reservez-votre-sejour","status":"publish","type":"page","link":"https:\/\/translation-reviewers.otgs.work\/jeanmarc\/fr\/reservez-votre-sejour\/","title":{"rendered":"R\u00e9servez votre s\u00e9jour"},"content":{"rendered":"\n<div class=\"wp-block-cover alignfull has-background-dim\" style=\"min-height:400px;aspect-ratio:unset;\"><img loading=\"lazy\" decoding=\"async\" width=\"1600\" height=\"1064\" class=\"wp-block-cover__image-background wp-image-116\" alt=\"\" src=\"https:\/\/translation-reviewers.otgs.work\/jeanmarc\/wp-content\/uploads\/sites\/42\/2021\/09\/bedroom.jpeg\" style=\"object-position:50% 50%\" data-object-fit=\"cover\" data-object-position=\"50% 50%\" srcset=\"https:\/\/translation-reviewers.otgs.work\/jeanmarc\/wp-content\/uploads\/sites\/42\/2021\/09\/bedroom.jpeg 1600w, https:\/\/translation-reviewers.otgs.work\/jeanmarc\/wp-content\/uploads\/sites\/42\/2021\/09\/bedroom-300x200.jpeg 300w, https:\/\/translation-reviewers.otgs.work\/jeanmarc\/wp-content\/uploads\/sites\/42\/2021\/09\/bedroom-1024x681.jpeg 1024w, https:\/\/translation-reviewers.otgs.work\/jeanmarc\/wp-content\/uploads\/sites\/42\/2021\/09\/bedroom-768x511.jpeg 768w, https:\/\/translation-reviewers.otgs.work\/jeanmarc\/wp-content\/uploads\/sites\/42\/2021\/09\/bedroom-1536x1021.jpeg 1536w\" sizes=\"auto, (max-width: 1600px) 100vw, 1600px\" \/><div class=\"wp-block-cover__inner-container is-layout-flow wp-block-cover-is-layout-flow\">\n<h1 class=\"has-text-align-center wp-block-heading\">R\u00e9servez votre s\u00e9jour<\/h1>\n<\/div><\/div>\n\n<div style=\"height:100px\" aria-hidden=\"true\" class=\"wp-block-spacer\"><\/div>\n\n<div class=\"wp-block-cover has-background-dim\" style=\"background-color:#343434\"><div class=\"wp-block-cover__inner-container is-layout-flow wp-block-cover-is-layout-flow\">\n<div class=\"wp-block-columns has-text-color is-layout-flex wp-container-core-columns-is-layout-28f84493 wp-block-columns-is-layout-flex\" style=\"color:#c8c8c8\">\n<div class=\"wp-block-column is-layout-flow wp-block-column-is-layout-flow\" style=\"flex-basis:10%\"><\/div>\n\n\n\n<div class=\"wp-block-column is-layout-flow wp-block-column-is-layout-flow\" style=\"flex-basis:90%\">\n<figure class=\"wp-block-image size-medium is-resized\"><img loading=\"lazy\" decoding=\"async\" src=\"https:\/\/translation-reviewers.otgs.work\/jeanmarc\/wp-content\/uploads\/sites\/42\/2021\/09\/key-1-252x300.png\" alt=\"cl&#xE9;\" class=\"wp-image-105\" width=\"48\" height=\"48\"\/><\/figure>\n\n\n<div style=\"height:30px\" aria-hidden=\"true\" class=\"wp-block-spacer\"><\/div>\n\n\n\n<h4 class=\"has-white-color has-text-color wp-block-heading\">Nous sommes complets jusqu&rsquo;en janvier<\/h4>\n\n\n\n<p class=\"has-white-color has-text-color\">Veuillez<a href=\"https:\/\/ref.toolset.com\/hotel-wpml\/contact-us\/\">nous contacter<\/a> pour \u00eatre inform\u00e9 de toute annulation. Si vous r\u00e9servez un s\u00e9jour pour assister \u00e0 une conf\u00e9rence au centre de conf\u00e9rence de l&rsquo;h\u00f4tel Qubicy, nous serons heureux de vous aider \u00e0 organiser votre s\u00e9jour dans d&rsquo;autres h\u00f4tels. Veuillez<a href=\"https:\/\/ref.toolset.com\/hotel-wpml\/contact-us\/\" data-type=\"page\" data-id=\"39\">nous contacter<\/a> et nous vous enverrons des options alternatives dans le quartier.<\/p>\n\n\n\n<p class=\"has-white-color has-text-color\">Nous nous excusons pour le d\u00e9sagr\u00e9ment.<\/p>\n<\/div>\n\n\n\n<div class=\"wp-block-column is-layout-flow wp-block-column-is-layout-flow\" style=\"flex-basis:10%\"><\/div>\n<\/div>\n<\/div><\/div>\n\n<div style=\"height:100px\" aria-hidden=\"true\" class=\"wp-block-spacer\"><\/div>\n","protected":false},"excerpt":{"rendered":"","protected":false},"author":121,"featured_media":0,"parent":0,"menu_order":0,"comment_status":"closed","ping_status":"closed","template":"","meta":{"site-sidebar-layout":"no-sidebar","site-content-layout":"plain-container","ast-site-content-layout":"default","site-content-style":"default","site-sidebar-style":"default","ast-global-header-display":"","ast-banner-title-visibility":"","ast-main-header-display":"","ast-hfb-above-header-display":"","ast-hfb-below-header-display":"","ast-hfb-mobile-header-display":"","site-post-title":"disabled","ast-breadcrumbs-content":"","ast-featured-img":"","footer-sml-layout":"","theme-transparent-header-meta":"default","adv-header-id-meta":"","stick-header-meta":"","header-above-stick-meta":"","header-main-stick-meta":"","header-below-stick-meta":"","astra-migrate-meta-layouts":"default","ast-page-background-enabled":"default","ast-page-background-meta":{"desktop":{"background-color":"var(--ast-global-color-4)","background-image":"","background-repeat":"repeat","background-position":"center center","background-size":"auto","background-attachment":"scroll","background-type":"","background-media":"","overlay-type":"","overlay-color":"","overlay-opacity":"","overlay-gradient":""},"tablet":{"background-color":"","background-image":"","background-repeat":"repeat","background-position":"center center","background-size":"auto","background-attachment":"scroll","background-type":"","background-media":"","overlay-type":"","overlay-color":"","overlay-opacity":"","overlay-gradient":""},"mobile":{"background-color":"","background-image":"","background-repeat":"repeat","background-position":"center center","background-size":"auto","background-attachment":"scroll","background-type":"","background-media":"","overlay-type":"","overlay-color":"","overlay-opacity":"","overlay-gradient":""}},"ast-content-background-meta":{"desktop":{"background-color":"var(--ast-global-color-5)","background-image":"","background-repeat":"repeat","background-position":"center center","background-size":"auto","background-attachment":"scroll","background-type":"","background-media":"","overlay-type":"","overlay-color":"","overlay-opacity":"","overlay-gradient":""},"tablet":{"background-color":"var(--ast-global-color-5)","background-image":"","background-repeat":"repeat","background-position":"center center","background-size":"auto","background-attachment":"scroll","background-type":"","background-media":"","overlay-type":"","overlay-color":"","overlay-opacity":"","overlay-gradient":""},"mobile":{"background-color":"var(--ast-global-color-5)","background-image":"","background-repeat":"repeat","background-position":"center center","background-size":"auto","background-attachment":"scroll","background-type":"","background-media":"","overlay-type":"","overlay-color":"","overlay-opacity":"","overlay-gradient":""}},"footnotes":""},"class_list":["post-120","page","type-page","status-publish","hentry"],"_links":{"self":[{"href":"https:\/\/translation-reviewers.otgs.work\/jeanmarc\/fr\/wp-json\/wp\/v2\/pages\/120","targetHints":{"allow":["GET"]}}],"collection":[{"href":"https:\/\/translation-reviewers.otgs.work\/jeanmarc\/fr\/wp-json\/wp\/v2\/pages"}],"about":[{"href":"https:\/\/translation-reviewers.otgs.work\/jeanmarc\/fr\/wp-json\/wp\/v2\/types\/page"}],"author":[{"embeddable":true,"href":"https:\/\/translation-reviewers.otgs.work\/jeanmarc\/fr\/wp-json\/wp\/v2\/users\/121"}],"replies":[{"embeddable":true,"href":"https:\/\/translation-reviewers.otgs.work\/jeanmarc\/fr\/wp-json\/wp\/v2\/comments?post=120"}],"version-history":[{"count":4,"href":"https:\/\/translation-reviewers.otgs.work\/jeanmarc\/fr\/wp-json\/wp\/v2\/pages\/120\/revisions"}],"predecessor-version":[{"id":145,"href":"https:\/\/translation-reviewers.otgs.work\/jeanmarc\/fr\/wp-json\/wp\/v2\/pages\/120\/revisions\/145"}],"wp:attachment":[{"href":"https:\/\/translation-reviewers.otgs.work\/jeanmarc\/fr\/wp-json\/wp\/v2\/media?parent=120"}],"curies":[{"name":"wp","href":"https:\/\/api.w.org\/{rel}","templated":true}]}}