{"id":123,"date":"2021-10-26T08:21:09","date_gmt":"2021-10-26T08:21:09","guid":{"rendered":"https:\/\/translation-reviewers.otgs.work\/agnieszka\/kontakt\/"},"modified":"2023-02-15T12:28:51","modified_gmt":"2023-02-15T12:28:51","slug":"kontakt","status":"publish","type":"page","link":"https:\/\/translation-reviewers.otgs.work\/agnieszka\/pl\/kontakt\/","title":{"rendered":"Skontaktuj si\u0119 z nami"},"content":{"rendered":"\n<div class=\"wp-block-cover alignfull is-light\" style=\"min-height:400px;aspect-ratio:unset;\"><span aria-hidden=\"true\" class=\"wp-block-cover__background has-background-dim-100 has-background-dim has-background-gradient\" style=\"background:linear-gradient(90deg,rgb(222,190,140) 0%,rgb(181,158,105) 100%)\"><\/span><div class=\"wp-block-cover__inner-container is-layout-flow wp-block-cover-is-layout-flow\">\n<h1 class=\"has-text-align-center wp-block-heading\">Skontaktuj si\u0119 z nami<\/h1>\n\n\n\n<p class=\"has-text-align-center\">Dzi\u015b czy jutro<\/p>\n\n\n\n<p class=\"has-text-align-center\" style=\"font-size:18px\">\u2219 Recepcja czynna 24 godziny na dob\u0119 \u2219<\/p>\n<\/div><\/div>\n\n<div style=\"height:100px\" aria-hidden=\"true\" class=\"wp-block-spacer\"><\/div>\n\n<div class=\"wp-block-columns is-layout-flex wp-container-core-columns-is-layout-28f84493 wp-block-columns-is-layout-flex\">\n<div class=\"wp-block-column is-layout-flow wp-block-column-is-layout-flow\">\n<figure class=\"wp-block-image aligncenter size-large is-resized\"><img decoding=\"async\" src=\"https:\/\/ref.toolset.com\/hotel-wpml\/wp-content\/uploads\/sites\/83\/2021\/07\/address.png\" alt=\"\" class=\"wp-image-875\" width=\"32\"\/><\/figure>\n\n\n<h3 class=\"has-text-align-center wp-block-heading\">Adres<\/h3>\n\n\n\n<p class=\"has-text-align-center\">Hotel Qubicy, Av. de las Marismas, 2001, 35610 Antigua, Las Palmas, Hiszpania<\/p>\n<\/div>\n\n\n\n<div class=\"wp-block-column is-layout-flow wp-block-column-is-layout-flow\">\n<figure class=\"wp-block-image aligncenter size-large is-resized\"><img decoding=\"async\" src=\"https:\/\/ref.toolset.com\/hotel-wpml\/wp-content\/uploads\/sites\/83\/2021\/07\/phone.png\" alt=\"\" class=\"wp-image-869\" width=\"32\"\/><\/figure>\n\n\n<h3 class=\"has-text-align-center wp-block-heading\">Numery telefoniczne<\/h3>\n\n\n\n<p class=\"has-text-align-center\">+12345678 (recepcja)<br\/>+12447878 (kierownik hotelu)<\/p>\n<\/div>\n\n\n\n<div class=\"wp-block-column is-layout-flow wp-block-column-is-layout-flow\">\n<figure class=\"wp-block-image aligncenter size-large is-resized\"><img decoding=\"async\" src=\"https:\/\/ref.toolset.com\/hotel-wpml\/wp-content\/uploads\/sites\/83\/2021\/07\/email.png\" alt=\"\" class=\"wp-image-872\" width=\"32\"\/><\/figure>\n\n\n<h3 class=\"has-text-align-center wp-block-heading\">Adres e-mail<\/h3>\n\n\n\n<p class=\"has-text-align-center has-text-color\" style=\"color:#b59e69\">contact@qubicyhotel.com<br\/>manager@qubicyhotel.com<\/p>\n<\/div>\n<\/div>\n\n<div style=\"height:50px\" aria-hidden=\"true\" class=\"wp-block-spacer\"><\/div>\n\n<p class=\"has-white-color has-text-color has-background\" style=\"background-color:#343434\"><img decoding=\"async\" class=\"wp-image-849\" style=\"width: 26px\" src=\"https:\/\/ref.toolset.com\/hotel-wpml\/wp-content\/uploads\/sites\/83\/2021\/07\/parking.png\" alt=\"\"\/>  Zabronione jest parkowanie wzd\u0142u\u017c ca\u0142ej <strong>ulicy \u015bw.<\/strong> Prosz\u0119 zaparkowa\u0107 na parkingu <strong>hotelowym<\/strong>, kt\u00f3ry zobacz\u0105 Pa\u0144stwo po <em>lewej stronie<\/em> od g\u0142\u00f3wnego wej\u015bcia do hotelu.<\/p>\n\n<iframe src=\"https:\/\/www.google.com\/maps\/embed?pb=!1m18!1m12!1m3!1d3510.0025686744366!2d-13.864830884573623!3d28.388990382514443!2m3!1f0!2f0!3f0!3m2!1i1024!2i768!4f13.1!3m3!1m2!1s0xc47c10378cf5c97%3A0x82bc9fc4923da537!2sLa%20Guirra%20Beach!5e0!3m2!1sen!2spl!4v1627391959200!5m2!1sen!2spl\" style=\"border:0;\" allowfullscreen=\"\" loading=\"lazy\" width=\"1920\" height=\"400\"><\/iframe>\n\n<div style=\"height:100px\" aria-hidden=\"true\" class=\"wp-block-spacer\"><\/div>\n<div class=\"wpforms-container wpforms-container-full wpforms-block\" id=\"wpforms-134\"><form id=\"wpforms-form-134\" class=\"wpforms-validate wpforms-form wpforms-ajax-form\" data-formid=\"134\" method=\"post\" enctype=\"multipart\/form-data\" action=\"\/agnieszka\/pl\/wp-json\/wp\/v2\/pages\/123\" data-token=\"bf1762e25c9ce19259562bce493636ae\" data-token-time=\"1778871238\"><noscript class=\"wpforms-error-noscript\">Aby wype\u0142ni\u0107 ten formularz, w\u0142\u0105cz obs\u0142ug\u0119 JavaScript w przegl\u0105darce.<\/noscript><div class=\"wpforms-field-container\"><div id=\"wpforms-134-field_0-container\" class=\"wpforms-field wpforms-field-name\" data-field-id=\"0\"><label class=\"wpforms-field-label\">Name <span class=\"wpforms-required-label\">*<\/span><\/label><div class=\"wpforms-field-row wpforms-field-medium\"><div class=\"wpforms-field-row-block wpforms-first wpforms-one-half\"><input type=\"text\" id=\"wpforms-134-field_0\" class=\"wpforms-field-name-first wpforms-field-required\" name=\"wpforms[fields][0][first]\" required><label for=\"wpforms-134-field_0\" class=\"wpforms-field-sublabel after\">Imi\u0119<\/label><\/div><div class=\"wpforms-field-row-block wpforms-one-half\"><input type=\"text\" id=\"wpforms-134-field_0-last\" class=\"wpforms-field-name-last wpforms-field-required\" name=\"wpforms[fields][0][last]\" required><label for=\"wpforms-134-field_0-last\" class=\"wpforms-field-sublabel after\">Nazwisko<\/label><\/div><\/div><\/div><div id=\"wpforms-134-field_1-container\" class=\"wpforms-field wpforms-field-email\" data-field-id=\"1\"><label class=\"wpforms-field-label\" for=\"wpforms-134-field_1\">Email <span class=\"wpforms-required-label\">*<\/span><\/label><input type=\"email\" id=\"wpforms-134-field_1\" class=\"wpforms-field-medium wpforms-field-required\" name=\"wpforms[fields][1]\" spellcheck=\"false\" required><\/div><div id=\"wpforms-134-field_2-container\" class=\"wpforms-field wpforms-field-textarea\" data-field-id=\"2\"><label class=\"wpforms-field-label\" for=\"wpforms-134-field_2\">Comment or Message<\/label><textarea id=\"wpforms-134-field_2\" class=\"wpforms-field-medium\" name=\"wpforms[fields][2]\" ><\/textarea><\/div><\/div><!-- .wpforms-field-container --><div class=\"wpforms-submit-container\" ><input type=\"hidden\" name=\"wpforms[id]\" value=\"134\"><input type=\"hidden\" name=\"page_title\" value=\"\"><input type=\"hidden\" name=\"page_url\" value=\"https:\/\/translation-reviewers.otgs.work\/agnieszka\/pl\/wp-json\/wp\/v2\/pages\/123\"><input type=\"hidden\" name=\"url_referer\" value=\"\"><button type=\"submit\" name=\"wpforms[submit]\" id=\"wpforms-submit-134\" class=\"wpforms-submit\" data-alt-text=\"Sending...\" data-submit-text=\"Submit\" aria-live=\"assertive\" value=\"wpforms-submit\">Submit<\/button><img loading=\"lazy\" decoding=\"async\" src=\"https:\/\/translation-reviewers.otgs.work\/agnieszka\/wp-content\/plugins\/wpforms-lite\/assets\/images\/submit-spin.svg\" class=\"wpforms-submit-spinner\" style=\"display: none;\" width=\"26\" height=\"26\" alt=\"Wczytywanie\"><\/div><\/form><\/div>  <!-- .wpforms-container -->","protected":false},"excerpt":{"rendered":"<p>Adres Hotel Qubicy, Av. de las Marismas, 2001, 35610 Antigua, Las Palmas, Hiszpania Numery telefoniczne +12345678 (recepcja)+12447878 (kierownik hotelu) Adres e-mail contact@qubicyhotel.commanager@qubicyhotel.com Zabronione jest parkowanie wzd\u0142u\u017c ca\u0142ej ulicy \u015bw. Prosz\u0119 zaparkowa\u0107 na parkingu hotelowym, kt\u00f3ry zobacz\u0105 Pa\u0144stwo po lewej stronie od g\u0142\u00f3wnego wej\u015bcia do hotelu.<\/p>\n","protected":false},"author":121,"featured_media":0,"parent":0,"menu_order":0,"comment_status":"closed","ping_status":"closed","template":"","meta":{"site-sidebar-layout":"no-sidebar","site-content-layout":"plain-container","ast-site-content-layout":"default","site-content-style":"default","site-sidebar-style":"default","ast-global-header-display":"","ast-banner-title-visibility":"","ast-main-header-display":"","ast-hfb-above-header-display":"","ast-hfb-below-header-display":"","ast-hfb-mobile-header-display":"","site-post-title":"disabled","ast-breadcrumbs-content":"","ast-featured-img":"","footer-sml-layout":"","theme-transparent-header-meta":"default","adv-header-id-meta":"","stick-header-meta":"","header-above-stick-meta":"","header-main-stick-meta":"","header-below-stick-meta":"","astra-migrate-meta-layouts":"default","ast-page-background-enabled":"default","ast-page-background-meta":{"desktop":{"background-color":"var(--ast-global-color-4)","background-image":"","background-repeat":"repeat","background-position":"center center","background-size":"auto","background-attachment":"scroll","background-type":"","background-media":"","overlay-type":"","overlay-color":"","overlay-opacity":"","overlay-gradient":""},"tablet":{"background-color":"","background-image":"","background-repeat":"repeat","background-position":"center center","background-size":"auto","background-attachment":"scroll","background-type":"","background-media":"","overlay-type":"","overlay-color":"","overlay-opacity":"","overlay-gradient":""},"mobile":{"background-color":"","background-image":"","background-repeat":"repeat","background-position":"center center","background-size":"auto","background-attachment":"scroll","background-type":"","background-media":"","overlay-type":"","overlay-color":"","overlay-opacity":"","overlay-gradient":""}},"ast-content-background-meta":{"desktop":{"background-color":"var(--ast-global-color-5)","background-image":"","background-repeat":"repeat","background-position":"center center","background-size":"auto","background-attachment":"scroll","background-type":"","background-media":"","overlay-type":"","overlay-color":"","overlay-opacity":"","overlay-gradient":""},"tablet":{"background-color":"var(--ast-global-color-5)","background-image":"","background-repeat":"repeat","background-position":"center center","background-size":"auto","background-attachment":"scroll","background-type":"","background-media":"","overlay-type":"","overlay-color":"","overlay-opacity":"","overlay-gradient":""},"mobile":{"background-color":"var(--ast-global-color-5)","background-image":"","background-repeat":"repeat","background-position":"center center","background-size":"auto","background-attachment":"scroll","background-type":"","background-media":"","overlay-type":"","overlay-color":"","overlay-opacity":"","overlay-gradient":""}},"footnotes":""},"class_list":["post-123","page","type-page","status-publish","hentry"],"_links":{"self":[{"href":"https:\/\/translation-reviewers.otgs.work\/agnieszka\/pl\/wp-json\/wp\/v2\/pages\/123","targetHints":{"allow":["GET"]}}],"collection":[{"href":"https:\/\/translation-reviewers.otgs.work\/agnieszka\/pl\/wp-json\/wp\/v2\/pages"}],"about":[{"href":"https:\/\/translation-reviewers.otgs.work\/agnieszka\/pl\/wp-json\/wp\/v2\/types\/page"}],"author":[{"embeddable":true,"href":"https:\/\/translation-reviewers.otgs.work\/agnieszka\/pl\/wp-json\/wp\/v2\/users\/121"}],"replies":[{"embeddable":true,"href":"https:\/\/translation-reviewers.otgs.work\/agnieszka\/pl\/wp-json\/wp\/v2\/comments?post=123"}],"version-history":[{"count":7,"href":"https:\/\/translation-reviewers.otgs.work\/agnieszka\/pl\/wp-json\/wp\/v2\/pages\/123\/revisions"}],"predecessor-version":[{"id":158,"href":"https:\/\/translation-reviewers.otgs.work\/agnieszka\/pl\/wp-json\/wp\/v2\/pages\/123\/revisions\/158"}],"wp:attachment":[{"href":"https:\/\/translation-reviewers.otgs.work\/agnieszka\/pl\/wp-json\/wp\/v2\/media?parent=123"}],"curies":[{"name":"wp","href":"https:\/\/api.w.org\/{rel}","templated":true}]}}