{"id":1384,"date":"2021-10-25T11:48:10","date_gmt":"2021-10-25T11:48:10","guid":{"rendered":"https:\/\/translation-reviewers.otgs.work\/agnes\/zarezerwuj-pobyt\/"},"modified":"2021-10-25T11:48:10","modified_gmt":"2021-10-25T11:48:10","slug":"zarezerwuj-pobyt","status":"publish","type":"page","link":"https:\/\/translation-reviewers.otgs.work\/agnes\/pl\/zarezerwuj-pobyt\/","title":{"rendered":"Zarezerwuj pobyt"},"content":{"rendered":"\n<div class=\"wp-block-cover alignfull has-background-dim\" style=\"min-height:400px;aspect-ratio:unset;\"><img loading=\"lazy\" decoding=\"async\" width=\"1600\" height=\"1064\" class=\"wp-block-cover__image-background wp-image-1386\" alt=\"\" src=\"https:\/\/translation-reviewers.otgs.work\/agnes\/wp-content\/uploads\/sites\/2\/2021\/07\/book-your-stay.jpg\" style=\"object-position:50% 50%\" data-object-fit=\"cover\" data-object-position=\"50% 50%\" srcset=\"https:\/\/translation-reviewers.otgs.work\/agnes\/wp-content\/uploads\/sites\/2\/2021\/07\/book-your-stay.jpg 1600w, https:\/\/translation-reviewers.otgs.work\/agnes\/wp-content\/uploads\/sites\/2\/2021\/07\/book-your-stay-300x200.jpg 300w, https:\/\/translation-reviewers.otgs.work\/agnes\/wp-content\/uploads\/sites\/2\/2021\/07\/book-your-stay-1024x681.jpg 1024w, https:\/\/translation-reviewers.otgs.work\/agnes\/wp-content\/uploads\/sites\/2\/2021\/07\/book-your-stay-768x511.jpg 768w, https:\/\/translation-reviewers.otgs.work\/agnes\/wp-content\/uploads\/sites\/2\/2021\/07\/book-your-stay-1536x1021.jpg 1536w\" sizes=\"auto, (max-width: 1600px) 100vw, 1600px\" \/><div class=\"wp-block-cover__inner-container is-layout-flow wp-block-cover-is-layout-flow\">\n<h1 class=\"has-text-align-center wp-block-heading\">Zarezerwuj pobyt<\/h1>\n<\/div><\/div>\n\n<div style=\"height:100px\" aria-hidden=\"true\" class=\"wp-block-spacer\"><\/div>\n\n<div class=\"wp-block-cover has-background-dim\" style=\"background-color:#343434\"><div class=\"wp-block-cover__inner-container is-layout-flow wp-block-cover-is-layout-flow\">\n<div class=\"wp-block-columns has-text-color is-layout-flex wp-container-core-columns-is-layout-28f84493 wp-block-columns-is-layout-flex\" style=\"color:#c8c8c8\">\n<div class=\"wp-block-column is-layout-flow wp-block-column-is-layout-flow\" style=\"flex-basis:10%\"><\/div>\n\n\n\n<div class=\"wp-block-column is-layout-flow wp-block-column-is-layout-flow\" style=\"flex-basis:90%\">\n<div class=\"wp-block-image\"><figure class=\"alignleft size-large is-resized\"><img decoding=\"async\" src=\"https:\/\/translation-reviewers.otgs.work\/agnes\/wp-content\/uploads\/sites\/2\/2021\/07\/key-1.png\" alt=\"\" class=\"wp-image-1385\" width=\"38\" srcset=\"https:\/\/translation-reviewers.otgs.work\/agnes\/wp-content\/uploads\/sites\/2\/2021\/07\/key-1.png 376w, https:\/\/translation-reviewers.otgs.work\/agnes\/wp-content\/uploads\/sites\/2\/2021\/07\/key-1-252x300.png 252w\" sizes=\"(max-width: 376px) 100vw, 376px\" \/><\/figure><\/div>\n\n\n\n<div style=\"height:30px\" aria-hidden=\"true\" class=\"wp-block-spacer\"><\/div>\n\n\n\n<h4 class=\"has-text-align-left has-white-color has-text-color wp-block-heading\">Mamy pe\u0142ne ob\u0142o\u017cenie a\u017c do stycznia<\/h4>\n\n\n\n<p class=\"has-text-align-left\">Prosz\u0119<a href=\"https:\/\/translation-reviewers.otgs.work\/agnes\/pl\/skontaktuj-sie-z-nami\/\"> Skontaktuj si\u0119 z nami<\/a> by\u0107 powiadamianym o wszelkich anulowaniach. . Je\u015bli rezerwujesz pobyt w celu wzi\u0119cia udzia\u0142u w konferencji w centrum konferencyjnym Qubicy Hotel, z przyjemno\u015bci\u0105 pomo\u017cemy zorganizowa\u0107 Tw\u00f3j pobyt w innych hotelach. Prosz\u0119<a href=\"https:\/\/translation-reviewers.otgs.work\/agnes\/pl\/skontaktuj-sie-z-nami\/\" data-type=\"page\" data-id=\"39\"> Skontaktuj si\u0119 z nami<\/a> , a my wy\u015blemy Ci alternatywne opcje w okolicy.<\/p>\n\n\n\n<p class=\"has-text-align-left\">Przepraszamy za niedogodno\u015bci.<\/p>\n<\/div>\n\n\n\n<div class=\"wp-block-column is-layout-flow wp-block-column-is-layout-flow\" style=\"flex-basis:10%\"><\/div>\n<\/div>\n<\/div><\/div>\n\n<div style=\"height:100px\" aria-hidden=\"true\" class=\"wp-block-spacer\"><\/div>\n","protected":false},"excerpt":{"rendered":"","protected":false},"author":121,"featured_media":0,"parent":0,"menu_order":0,"comment_status":"closed","ping_status":"closed","template":"","meta":{"site-sidebar-layout":"no-sidebar","site-content-layout":"plain-container","ast-site-content-layout":"default","site-content-style":"default","site-sidebar-style":"default","ast-global-header-display":"","ast-banner-title-visibility":"","ast-main-header-display":"","ast-hfb-above-header-display":"","ast-hfb-below-header-display":"","ast-hfb-mobile-header-display":"","site-post-title":"disabled","ast-breadcrumbs-content":"","ast-featured-img":"","footer-sml-layout":"","theme-transparent-header-meta":"default","adv-header-id-meta":"","stick-header-meta":"","header-above-stick-meta":"","header-main-stick-meta":"","header-below-stick-meta":"","astra-migrate-meta-layouts":"default","ast-page-background-enabled":"default","ast-page-background-meta":{"desktop":{"background-color":"","background-image":"","background-repeat":"repeat","background-position":"center center","background-size":"auto","background-attachment":"scroll","background-type":"","background-media":"","overlay-type":"","overlay-color":"","overlay-opacity":"","overlay-gradient":""},"tablet":{"background-color":"","background-image":"","background-repeat":"repeat","background-position":"center center","background-size":"auto","background-attachment":"scroll","background-type":"","background-media":"","overlay-type":"","overlay-color":"","overlay-opacity":"","overlay-gradient":""},"mobile":{"background-color":"","background-image":"","background-repeat":"repeat","background-position":"center center","background-size":"auto","background-attachment":"scroll","background-type":"","background-media":"","overlay-type":"","overlay-color":"","overlay-opacity":"","overlay-gradient":""}},"ast-content-background-meta":{"desktop":{"background-color":"var(--ast-global-color-5)","background-image":"","background-repeat":"repeat","background-position":"center center","background-size":"auto","background-attachment":"scroll","background-type":"","background-media":"","overlay-type":"","overlay-color":"","overlay-opacity":"","overlay-gradient":""},"tablet":{"background-color":"var(--ast-global-color-5)","background-image":"","background-repeat":"repeat","background-position":"center center","background-size":"auto","background-attachment":"scroll","background-type":"","background-media":"","overlay-type":"","overlay-color":"","overlay-opacity":"","overlay-gradient":""},"mobile":{"background-color":"var(--ast-global-color-5)","background-image":"","background-repeat":"repeat","background-position":"center center","background-size":"auto","background-attachment":"scroll","background-type":"","background-media":"","overlay-type":"","overlay-color":"","overlay-opacity":"","overlay-gradient":""}},"footnotes":""},"class_list":["post-1384","page","type-page","status-publish","hentry"],"_links":{"self":[{"href":"https:\/\/translation-reviewers.otgs.work\/agnes\/pl\/wp-json\/wp\/v2\/pages\/1384","targetHints":{"allow":["GET"]}}],"collection":[{"href":"https:\/\/translation-reviewers.otgs.work\/agnes\/pl\/wp-json\/wp\/v2\/pages"}],"about":[{"href":"https:\/\/translation-reviewers.otgs.work\/agnes\/pl\/wp-json\/wp\/v2\/types\/page"}],"author":[{"embeddable":true,"href":"https:\/\/translation-reviewers.otgs.work\/agnes\/pl\/wp-json\/wp\/v2\/users\/121"}],"replies":[{"embeddable":true,"href":"https:\/\/translation-reviewers.otgs.work\/agnes\/pl\/wp-json\/wp\/v2\/comments?post=1384"}],"version-history":[{"count":1,"href":"https:\/\/translation-reviewers.otgs.work\/agnes\/pl\/wp-json\/wp\/v2\/pages\/1384\/revisions"}],"predecessor-version":[{"id":1389,"href":"https:\/\/translation-reviewers.otgs.work\/agnes\/pl\/wp-json\/wp\/v2\/pages\/1384\/revisions\/1389"}],"wp:attachment":[{"href":"https:\/\/translation-reviewers.otgs.work\/agnes\/pl\/wp-json\/wp\/v2\/media?parent=1384"}],"curies":[{"name":"wp","href":"https:\/\/api.w.org\/{rel}","templated":true}]}}