{"id":1436,"date":"2021-06-14T10:37:53","date_gmt":"2021-06-14T10:37:53","guid":{"rendered":"https:\/\/translation-reviewers.otgs.work\/agnes\/contact-us\/"},"modified":"2022-09-14T07:37:39","modified_gmt":"2022-09-14T07:37:39","slug":"contact-us","status":"publish","type":"page","link":"https:\/\/translation-reviewers.otgs.work\/agnes\/es\/contact-us\/","title":{"rendered":"Contact us"},"content":{"rendered":"\n<div class=\"wp-block-cover alignfull has-background-dim has-background-gradient\" style=\"background:linear-gradient(90deg,rgb(222,190,140) 0%,rgb(181,158,105) 100%);min-height:400px;aspect-ratio:unset;\"><div class=\"wp-block-cover__inner-container is-layout-flow wp-block-cover-is-layout-flow\">\n<h1 class=\"has-text-align-center wp-block-heading\">Contact us en cualquier momento: \u00a1cambio!<\/h1>\n\n\n\n<p class=\"has-text-align-center\" style=\"font-size:18px\">\u2219 La recepci\u00f3n est\u00e1 abierta las 24 horas \u2219<\/p>\n<\/div><\/div>\n\n<div style=\"height:100px\" aria-hidden=\"true\" class=\"wp-block-spacer\"><\/div>\n\n<div class=\"wp-block-columns is-layout-flex wp-container-core-columns-is-layout-28f84493 wp-block-columns-is-layout-flex\">\n<div class=\"wp-block-column is-layout-flow wp-block-column-is-layout-flow\">\n<div class=\"wp-block-image\"><figure class=\"aligncenter size-large is-resized\"><img decoding=\"async\" src=\"https:\/\/translation-reviewers.otgs.work\/agnes\/wp-content\/uploads\/sites\/2\/2021\/07\/address.png\" alt=\"\" class=\"wp-image-875\" width=\"32\" srcset=\"https:\/\/translation-reviewers.otgs.work\/agnes\/wp-content\/uploads\/sites\/2\/2021\/07\/address.png 370w, https:\/\/translation-reviewers.otgs.work\/agnes\/wp-content\/uploads\/sites\/2\/2021\/07\/address-300x300.png 300w, https:\/\/translation-reviewers.otgs.work\/agnes\/wp-content\/uploads\/sites\/2\/2021\/07\/address-150x150.png 150w\" sizes=\"(max-width: 370px) 100vw, 370px\" \/><\/figure><\/div>\n\n\n\n<h3 class=\"has-text-align-center wp-block-heading\">Habla a<\/h3>\n\n\n\n<p class=\"has-text-align-center\">Hotel Qubicy, Av. de las Marismas, 2001, 35610 Antigua, Las Palmas, Espa\u00f1a<\/p>\n<\/div>\n\n\n\n<div class=\"wp-block-column is-layout-flow wp-block-column-is-layout-flow\">\n<div class=\"wp-block-image\"><figure class=\"aligncenter size-large is-resized\"><img decoding=\"async\" src=\"https:\/\/translation-reviewers.otgs.work\/agnes\/wp-content\/uploads\/sites\/2\/2021\/07\/phone.png\" alt=\"\" class=\"wp-image-869\" width=\"32\" srcset=\"https:\/\/translation-reviewers.otgs.work\/agnes\/wp-content\/uploads\/sites\/2\/2021\/07\/phone.png 370w, https:\/\/translation-reviewers.otgs.work\/agnes\/wp-content\/uploads\/sites\/2\/2021\/07\/phone-300x300.png 300w, https:\/\/translation-reviewers.otgs.work\/agnes\/wp-content\/uploads\/sites\/2\/2021\/07\/phone-150x150.png 150w\" sizes=\"(max-width: 370px) 100vw, 370px\" \/><\/figure><\/div>\n\n\n\n<h3 class=\"has-text-align-center wp-block-heading\">N\u00fameros de tel\u00e9fono<\/h3>\n\n\n\n<p class=\"has-text-align-center\">+12345678 (Recepci\u00f3n)<br\/>+12447878 (Gerente del hotel)<\/p>\n<\/div>\n\n\n\n<div class=\"wp-block-column is-layout-flow wp-block-column-is-layout-flow\">\n<div class=\"wp-block-image\"><figure class=\"aligncenter size-large is-resized\"><img decoding=\"async\" src=\"https:\/\/translation-reviewers.otgs.work\/agnes\/wp-content\/uploads\/sites\/2\/2021\/07\/email.png\" alt=\"\" class=\"wp-image-872\" width=\"32\" srcset=\"https:\/\/translation-reviewers.otgs.work\/agnes\/wp-content\/uploads\/sites\/2\/2021\/07\/email.png 370w, https:\/\/translation-reviewers.otgs.work\/agnes\/wp-content\/uploads\/sites\/2\/2021\/07\/email-300x300.png 300w, https:\/\/translation-reviewers.otgs.work\/agnes\/wp-content\/uploads\/sites\/2\/2021\/07\/email-150x150.png 150w\" sizes=\"(max-width: 370px) 100vw, 370px\" \/><\/figure><\/div>\n\n\n\n<h3 class=\"has-text-align-center wp-block-heading\">Direcci\u00f3n de correo electr\u00f3nico<\/h3>\n\n\n\n<p class=\"has-text-align-center has-text-color\" style=\"color:#b59e69\">contact@qubicyhotel.com<br\/>gerente@qubicyhotel.com<\/p>\n<\/div>\n<\/div>\n\n<div style=\"height:50px\" aria-hidden=\"true\" class=\"wp-block-spacer\"><\/div>\n\n<p class=\"has-white-color has-text-color has-background\" style=\"background-color:#343434\"><img loading=\"lazy\" decoding=\"async\" width=\"312\" height=\"312\" class=\"wp-image-849\" style=\"width: 26px\" src=\"https:\/\/translation-reviewers.otgs.work\/agnes\/wp-content\/uploads\/sites\/2\/2021\/07\/parking.png\" alt=\"\" srcset=\"https:\/\/translation-reviewers.otgs.work\/agnes\/wp-content\/uploads\/sites\/2\/2021\/07\/parking.png 312w, https:\/\/translation-reviewers.otgs.work\/agnes\/wp-content\/uploads\/sites\/2\/2021\/07\/parking-300x300.png 300w, https:\/\/translation-reviewers.otgs.work\/agnes\/wp-content\/uploads\/sites\/2\/2021\/07\/parking-150x150.png 150w\" sizes=\"auto, (max-width: 312px) 100vw, 312px\" \/> No se permite estacionar en toda <strong>la calle St. John&#8217;s<\/strong> . Estacione en el estacionamiento del <strong>hotel<\/strong> , que ver\u00e1 en el <em>lado izquierdo<\/em> de la entrada principal del hotel.<\/p>\n\n<iframe src=\"https:\/\/www.google.com\/maps\/embed?pb=!1m18!1m12!1m3!1d3510.0025686744366!2d-13.864830884573623!3d28.388990382514443!2m3!1f0!2f0!3f0!3m2!1i1024!2i768!4f13.1!3m3!1m2!1s0xc47c10378cf5c97%3A0x82bc9fc4923da537!2sLa%20Guirra%20Beach!5e0!3m2!1sen!2spl!4v1627391959200!5m2!1sen!2spl\" width=\"1920\" height=\"400\" style=\"border:0;\" allowfullscreen=\"\" loading=\"lazy\"><\/iframe>\n\n<div style=\"height:100px\" aria-hidden=\"true\" class=\"wp-block-spacer\"><\/div>\n","protected":false},"excerpt":{"rendered":"<p>Habla a Hotel Qubicy, Av. de las Marismas, 2001, 35610 Antigua, Las Palmas, Espa\u00f1a N\u00fameros de tel\u00e9fono +12345678 (Recepci\u00f3n)+12447878 (Gerente del hotel) Direcci\u00f3n de correo electr\u00f3nico contact@qubicyhotel.comgerente@qubicyhotel.com No se permite estacionar en toda la calle St. John&#8217;s . Estacione en el estacionamiento del hotel , que ver\u00e1 en el lado izquierdo de la entrada principal [&hellip;]<\/p>\n","protected":false},"author":121,"featured_media":0,"parent":0,"menu_order":0,"comment_status":"closed","ping_status":"closed","template":"","meta":{"site-sidebar-layout":"no-sidebar","site-content-layout":"plain-container","ast-site-content-layout":"default","site-content-style":"default","site-sidebar-style":"default","ast-global-header-display":"","ast-banner-title-visibility":"","ast-main-header-display":"","ast-hfb-above-header-display":"","ast-hfb-below-header-display":"","ast-hfb-mobile-header-display":"","site-post-title":"disabled","ast-breadcrumbs-content":"","ast-featured-img":"","footer-sml-layout":"","theme-transparent-header-meta":"default","adv-header-id-meta":"","stick-header-meta":"","header-above-stick-meta":"","header-main-stick-meta":"","header-below-stick-meta":"","astra-migrate-meta-layouts":"default","ast-page-background-enabled":"default","ast-page-background-meta":{"desktop":{"background-color":"","background-image":"","background-repeat":"repeat","background-position":"center center","background-size":"auto","background-attachment":"scroll","background-type":"","background-media":"","overlay-type":"","overlay-color":"","overlay-opacity":"","overlay-gradient":""},"tablet":{"background-color":"","background-image":"","background-repeat":"repeat","background-position":"center center","background-size":"auto","background-attachment":"scroll","background-type":"","background-media":"","overlay-type":"","overlay-color":"","overlay-opacity":"","overlay-gradient":""},"mobile":{"background-color":"","background-image":"","background-repeat":"repeat","background-position":"center center","background-size":"auto","background-attachment":"scroll","background-type":"","background-media":"","overlay-type":"","overlay-color":"","overlay-opacity":"","overlay-gradient":""}},"ast-content-background-meta":{"desktop":{"background-color":"var(--ast-global-color-5)","background-image":"","background-repeat":"repeat","background-position":"center center","background-size":"auto","background-attachment":"scroll","background-type":"","background-media":"","overlay-type":"","overlay-color":"","overlay-opacity":"","overlay-gradient":""},"tablet":{"background-color":"var(--ast-global-color-5)","background-image":"","background-repeat":"repeat","background-position":"center center","background-size":"auto","background-attachment":"scroll","background-type":"","background-media":"","overlay-type":"","overlay-color":"","overlay-opacity":"","overlay-gradient":""},"mobile":{"background-color":"var(--ast-global-color-5)","background-image":"","background-repeat":"repeat","background-position":"center center","background-size":"auto","background-attachment":"scroll","background-type":"","background-media":"","overlay-type":"","overlay-color":"","overlay-opacity":"","overlay-gradient":""}},"footnotes":""},"class_list":["post-1436","page","type-page","status-publish","hentry"],"_links":{"self":[{"href":"https:\/\/translation-reviewers.otgs.work\/agnes\/es\/wp-json\/wp\/v2\/pages\/1436","targetHints":{"allow":["GET"]}}],"collection":[{"href":"https:\/\/translation-reviewers.otgs.work\/agnes\/es\/wp-json\/wp\/v2\/pages"}],"about":[{"href":"https:\/\/translation-reviewers.otgs.work\/agnes\/es\/wp-json\/wp\/v2\/types\/page"}],"author":[{"embeddable":true,"href":"https:\/\/translation-reviewers.otgs.work\/agnes\/es\/wp-json\/wp\/v2\/users\/121"}],"replies":[{"embeddable":true,"href":"https:\/\/translation-reviewers.otgs.work\/agnes\/es\/wp-json\/wp\/v2\/comments?post=1436"}],"version-history":[{"count":4,"href":"https:\/\/translation-reviewers.otgs.work\/agnes\/es\/wp-json\/wp\/v2\/pages\/1436\/revisions"}],"predecessor-version":[{"id":1556,"href":"https:\/\/translation-reviewers.otgs.work\/agnes\/es\/wp-json\/wp\/v2\/pages\/1436\/revisions\/1556"}],"wp:attachment":[{"href":"https:\/\/translation-reviewers.otgs.work\/agnes\/es\/wp-json\/wp\/v2\/media?parent=1436"}],"curies":[{"name":"wp","href":"https:\/\/api.w.org\/{rel}","templated":true}]}}