{"id":1670,"date":"2023-06-07T15:35:07","date_gmt":"2023-06-07T15:35:07","guid":{"rendered":"https:\/\/translation-reviewers.otgs.work\/agnes\/de-skontaktuj-sie-z-nami\/"},"modified":"2023-06-07T15:35:08","modified_gmt":"2023-06-07T15:35:08","slug":"de-skontaktuj-sie-z-nami","status":"publish","type":"page","link":"https:\/\/translation-reviewers.otgs.work\/agnes\/de\/de-skontaktuj-sie-z-nami\/","title":{"rendered":"de Skontaktuj si\u0119 z nami"},"content":{"rendered":"\n<div class=\"wp-block-cover alignfull has-background-dim has-background-gradient\" style=\"background:linear-gradient(90deg,rgb(222,190,140) 0%,rgb(181,158,105) 100%);min-height:400px;aspect-ratio:unset;\"><div class=\"wp-block-cover__inner-container is-layout-flow wp-block-cover-is-layout-flow\">\n<h1 class=\"has-text-align-center wp-block-heading\">de Skontaktuj si\u0119 z nami<\/h1>\n\n\n\n<p class=\"has-text-align-center\" style=\"font-size:18px\">de \u2219 Recepcja czynna 24 godziny na dob\u0119 \u2219<\/p>\n<\/div><\/div>\n\n<div style=\"height:100px\" aria-hidden=\"true\" class=\"wp-block-spacer\"><\/div>\n\n<div class=\"wp-block-columns is-layout-flex wp-container-core-columns-is-layout-28f84493 wp-block-columns-is-layout-flex\">\n<div class=\"wp-block-column is-layout-flow wp-block-column-is-layout-flow\">\n<div class=\"wp-block-image\"><figure class=\"aligncenter size-large is-resized\"><img decoding=\"async\" src=\"https:\/\/translation-reviewers.otgs.work\/agnes\/wp-content\/uploads\/sites\/2\/2021\/07\/address.png\" alt=\"\" class=\"wp-image-1190\" width=\"32\" srcset=\"https:\/\/translation-reviewers.otgs.work\/agnes\/wp-content\/uploads\/sites\/2\/2021\/07\/address.png 370w, https:\/\/translation-reviewers.otgs.work\/agnes\/wp-content\/uploads\/sites\/2\/2021\/07\/address-300x300.png 300w, https:\/\/translation-reviewers.otgs.work\/agnes\/wp-content\/uploads\/sites\/2\/2021\/07\/address-150x150.png 150w\" sizes=\"(max-width: 370px) 100vw, 370px\" \/><\/figure><\/div>\n\n\n\n<h3 class=\"has-text-align-center wp-block-heading\">de Adres<\/h3>\n\n\n\n<p class=\"has-text-align-center\">de Hotel Qubicy, Av. de de las Marismas, 2001, 35610 Antigua, Las Palmas, Hiszpania<\/p>\n<\/div>\n\n\n\n<div class=\"wp-block-column is-layout-flow wp-block-column-is-layout-flow\">\n<div class=\"wp-block-image\"><figure class=\"aligncenter size-large is-resized\"><img decoding=\"async\" src=\"https:\/\/translation-reviewers.otgs.work\/agnes\/wp-content\/uploads\/sites\/2\/2021\/07\/phone.png\" alt=\"\" class=\"wp-image-1188\" width=\"32\" srcset=\"https:\/\/translation-reviewers.otgs.work\/agnes\/wp-content\/uploads\/sites\/2\/2021\/07\/phone.png 370w, https:\/\/translation-reviewers.otgs.work\/agnes\/wp-content\/uploads\/sites\/2\/2021\/07\/phone-300x300.png 300w, https:\/\/translation-reviewers.otgs.work\/agnes\/wp-content\/uploads\/sites\/2\/2021\/07\/phone-150x150.png 150w\" sizes=\"(max-width: 370px) 100vw, 370px\" \/><\/figure><\/div>\n\n\n\n<h3 class=\"has-text-align-center wp-block-heading\">de Numery telefoniczne<\/h3>\n\n\n\n<p class=\"has-text-align-center\">de +12345678 (Recepcja)<br\/>de +12447878 (Kierownik hotelu)<\/p>\n<\/div>\n\n\n\n<div class=\"wp-block-column is-layout-flow wp-block-column-is-layout-flow\">\n<div class=\"wp-block-image\"><figure class=\"aligncenter size-large is-resized\"><img decoding=\"async\" src=\"https:\/\/translation-reviewers.otgs.work\/agnes\/wp-content\/uploads\/sites\/2\/2021\/07\/email.png\" alt=\"\" class=\"wp-image-1189\" width=\"32\" srcset=\"https:\/\/translation-reviewers.otgs.work\/agnes\/wp-content\/uploads\/sites\/2\/2021\/07\/email.png 370w, https:\/\/translation-reviewers.otgs.work\/agnes\/wp-content\/uploads\/sites\/2\/2021\/07\/email-300x300.png 300w, https:\/\/translation-reviewers.otgs.work\/agnes\/wp-content\/uploads\/sites\/2\/2021\/07\/email-150x150.png 150w\" sizes=\"(max-width: 370px) 100vw, 370px\" \/><\/figure><\/div>\n\n\n\n<h3 class=\"has-text-align-center wp-block-heading\">de Adres e-mail<\/h3>\n\n\n\n<p class=\"has-text-align-center has-text-color\" style=\"color:#b59e69\">de kontakt@qubicyhotel.com<br\/>de manager@qubicyhotel.com<\/p>\n<\/div>\n<\/div>\n\n<div style=\"height:50px\" aria-hidden=\"true\" class=\"wp-block-spacer\"><\/div>\n\n<p class=\"has-white-color has-text-color has-background\" style=\"background-color:#343434\"><img loading=\"lazy\" decoding=\"async\" width=\"312\" height=\"312\" class=\"wp-image-1187\" style=\"width: 26px\" src=\"https:\/\/translation-reviewers.otgs.work\/agnes\/wp-content\/uploads\/sites\/2\/2021\/07\/parking.png\" alt=\"\" srcset=\"https:\/\/translation-reviewers.otgs.work\/agnes\/wp-content\/uploads\/sites\/2\/2021\/07\/parking.png 312w, https:\/\/translation-reviewers.otgs.work\/agnes\/wp-content\/uploads\/sites\/2\/2021\/07\/parking-300x300.png 300w, https:\/\/translation-reviewers.otgs.work\/agnes\/wp-content\/uploads\/sites\/2\/2021\/07\/parking-150x150.png 150w\" sizes=\"auto, (max-width: 312px) 100vw, 312px\" \/> de  Nie wolno parkowa\u0107 wzd\u0142u\u017c ca\u0142ej ulicy  <strong>de \u015bw. de Jana<\/strong>. de Prosz\u0119 zaparkowa\u0107 w<strong> parking hotelowy<\/strong> , kt\u00f3ry zobaczysz na<em> lewa strona<\/em> g\u0142\u00f3wnego wej\u015bcia do hotelu.<\/p>\n\n<iframe src=\"https:\/\/www.google.com\/maps\/embed?pb=!1m18!1m12!1m3!1d3510.0025686744366!2d-13.864830884573623!3d28.388990382514443!2m3!1f0!2f0!3f0!3m2!1i1024!2i768!4f13.1!3m3!1m2!1s0xc47c10378cf5c97%3A0x82bc9fc4923da537!2sLa%20Guirra%20Beach!5e0!3m2!1sen!2spl!4v1627391959200!5m2!1sen!2spl\" width=\"1920\" height=\"400\" style=\"border:0;\" allowfullscreen=\"\" loading=\"lazy\"><\/iframe>\n\n<div style=\"height:100px\" aria-hidden=\"true\" class=\"wp-block-spacer\"><\/div>\n","protected":false},"excerpt":{"rendered":"<p>de Adres de Hotel Qubicy, Av. de de las Marismas, 2001, 35610 Antigua, Las Palmas, Hiszpania de Numery telefoniczne de +12345678 (Recepcja)de +12447878 (Kierownik hotelu) de Adres e-mail de kontakt@qubicyhotel.comde manager@qubicyhotel.com de Nie wolno parkowa\u0107 wzd\u0142u\u017c ca\u0142ej ulicy de \u015bw. de Jana. de Prosz\u0119 zaparkowa\u0107 w parking hotelowy , kt\u00f3ry zobaczysz na lewa strona g\u0142\u00f3wnego [&hellip;]<\/p>\n","protected":false},"author":121,"featured_media":0,"parent":0,"menu_order":0,"comment_status":"closed","ping_status":"closed","template":"","meta":{"site-sidebar-layout":"no-sidebar","site-content-layout":"plain-container","ast-site-content-layout":"default","site-content-style":"default","site-sidebar-style":"default","ast-global-header-display":"","ast-banner-title-visibility":"","ast-main-header-display":"","ast-hfb-above-header-display":"","ast-hfb-below-header-display":"","ast-hfb-mobile-header-display":"","site-post-title":"disabled","ast-breadcrumbs-content":"","ast-featured-img":"","footer-sml-layout":"","theme-transparent-header-meta":"default","adv-header-id-meta":"","stick-header-meta":"","header-above-stick-meta":"","header-main-stick-meta":"","header-below-stick-meta":"","astra-migrate-meta-layouts":"default","ast-page-background-enabled":"default","ast-page-background-meta":{"desktop":{"background-color":"","background-image":"","background-repeat":"repeat","background-position":"center center","background-size":"auto","background-attachment":"scroll","background-type":"","background-media":"","overlay-type":"","overlay-color":"","overlay-opacity":"","overlay-gradient":""},"tablet":{"background-color":"","background-image":"","background-repeat":"repeat","background-position":"center center","background-size":"auto","background-attachment":"scroll","background-type":"","background-media":"","overlay-type":"","overlay-color":"","overlay-opacity":"","overlay-gradient":""},"mobile":{"background-color":"","background-image":"","background-repeat":"repeat","background-position":"center center","background-size":"auto","background-attachment":"scroll","background-type":"","background-media":"","overlay-type":"","overlay-color":"","overlay-opacity":"","overlay-gradient":""}},"ast-content-background-meta":{"desktop":{"background-color":"var(--ast-global-color-5)","background-image":"","background-repeat":"repeat","background-position":"center center","background-size":"auto","background-attachment":"scroll","background-type":"","background-media":"","overlay-type":"","overlay-color":"","overlay-opacity":"","overlay-gradient":""},"tablet":{"background-color":"var(--ast-global-color-5)","background-image":"","background-repeat":"repeat","background-position":"center center","background-size":"auto","background-attachment":"scroll","background-type":"","background-media":"","overlay-type":"","overlay-color":"","overlay-opacity":"","overlay-gradient":""},"mobile":{"background-color":"var(--ast-global-color-5)","background-image":"","background-repeat":"repeat","background-position":"center center","background-size":"auto","background-attachment":"scroll","background-type":"","background-media":"","overlay-type":"","overlay-color":"","overlay-opacity":"","overlay-gradient":""}},"footnotes":""},"class_list":["post-1670","page","type-page","status-publish","hentry"],"_links":{"self":[{"href":"https:\/\/translation-reviewers.otgs.work\/agnes\/de\/wp-json\/wp\/v2\/pages\/1670","targetHints":{"allow":["GET"]}}],"collection":[{"href":"https:\/\/translation-reviewers.otgs.work\/agnes\/de\/wp-json\/wp\/v2\/pages"}],"about":[{"href":"https:\/\/translation-reviewers.otgs.work\/agnes\/de\/wp-json\/wp\/v2\/types\/page"}],"author":[{"embeddable":true,"href":"https:\/\/translation-reviewers.otgs.work\/agnes\/de\/wp-json\/wp\/v2\/users\/121"}],"replies":[{"embeddable":true,"href":"https:\/\/translation-reviewers.otgs.work\/agnes\/de\/wp-json\/wp\/v2\/comments?post=1670"}],"version-history":[{"count":1,"href":"https:\/\/translation-reviewers.otgs.work\/agnes\/de\/wp-json\/wp\/v2\/pages\/1670\/revisions"}],"predecessor-version":[{"id":1675,"href":"https:\/\/translation-reviewers.otgs.work\/agnes\/de\/wp-json\/wp\/v2\/pages\/1670\/revisions\/1675"}],"wp:attachment":[{"href":"https:\/\/translation-reviewers.otgs.work\/agnes\/de\/wp-json\/wp\/v2\/media?parent=1670"}],"curies":[{"name":"wp","href":"https:\/\/api.w.org\/{rel}","templated":true}]}}